{"id":3759,"date":"2022-03-30T13:39:00","date_gmt":"2022-03-30T11:39:00","guid":{"rendered":"https:\/\/universetspuls.dk\/?page_id=3759"},"modified":"2025-07-25T19:12:15","modified_gmt":"2025-07-25T17:12:15","slug":"baggrund-og-formal","status":"publish","type":"page","link":"https:\/\/universetspuls.dk\/index.php\/baggrund-og-formal\/","title":{"rendered":"Baggrund og form\u00e5l"},"content":{"rendered":"<p>[et_pb_section fb_built=&#8221;1&#8243; custom_padding_last_edited=&#8221;on|desktop&#8221; next_background_color=&#8221;#ffffff&#8221; admin_label=&#8221;About&#8221; _builder_version=&#8221;4.16.0&#8243; _module_preset=&#8221;default&#8221; background_color=&#8221;#87919B&#8221; use_background_color_gradient=&#8221;on&#8221; background_color_gradient_stops=&#8221;#7d3f58 0%|gcid-2bc0a5aa-6854-4042-8f15-1a7a14ce9c19 100%&#8221; background_enable_image=&#8221;off&#8221; background_size=&#8221;initial&#8221; custom_margin=&#8221;0px||||false|false&#8221; custom_padding=&#8221;60px||||false|false&#8221; custom_padding_tablet=&#8221;60px||||false|false&#8221; custom_padding_phone=&#8221;60px||||false|false&#8221; bottom_divider_style=&#8221;ramp2&#8243; bottom_divider_flip=&#8221;horizontal&#8221; background_last_edited=&#8221;on|desktop&#8221; background_enable_mask_style_tablet=&#8221;off&#8221; background_enable_mask_style_phone=&#8221;off&#8221; background_mask_transform_tablet=&#8221;invert|flip_horizontal&#8221; background_mask_transform_phone=&#8221;invert|flip_horizontal&#8221; background_mask_size_tablet=&#8221;contain&#8221; background_mask_size_phone=&#8221;contain&#8221; background_mask_width_phone=&#8221;100%&#8221; background_mask_height_phone=&#8221;20%&#8221; background_mask_position_tablet=&#8221;top_left&#8221; global_colors_info=&#8221;{%22gcid-d705e4a5-73d4-4d11-8c7b-a5d471a82263%22:%91%22background_color_gradient_stops%22%93,%22gcid-2bc0a5aa-6854-4042-8f15-1a7a14ce9c19%22:%91%22background_color_gradient_stops%22%93}&#8221;][et_pb_row custom_padding_last_edited=&#8221;on|phone&#8221; _builder_version=&#8221;4.16&#8243; _module_preset=&#8221;default&#8221; background_enable_color=&#8221;off&#8221; z_index=&#8221;10&#8243; max_width=&#8221;1280px&#8221; custom_padding=&#8221;100px|60px|80px|60px|false|true&#8221; custom_padding_tablet=&#8221;60px|30px|60px|30px|true|true&#8221; custom_padding_phone=&#8221;|0px||0px|false|true&#8221; locked=&#8221;off&#8221; global_colors_info=&#8221;{%22gcid-d705e4a5-73d4-4d11-8c7b-a5d471a82263%22:%91%22background_mask_color%22%93}&#8221;][et_pb_column type=&#8221;4_4&#8243; saved_specialty_column_type=&#8221;3_4&#8243; _builder_version=&#8221;4.16&#8243; _module_preset=&#8221;default&#8221; global_colors_info=&#8221;{}&#8221;][et_pb_text _builder_version=&#8221;4.16&#8243; _module_preset=&#8221;default&#8221; header_2_font=&#8221;Philosopher|700|||||||&#8221; header_2_text_align=&#8221;center&#8221; header_2_text_color=&#8221;#313453&#8243; header_2_font_size=&#8221;60px&#8221; header_2_line_height=&#8221;1.3em&#8221; width_tablet=&#8221;80%&#8221; width_phone=&#8221;100%&#8221; width_last_edited=&#8221;off|desktop&#8221; animation_style=&#8221;slide&#8221; animation_direction=&#8221;bottom&#8221; header_2_font_size_tablet=&#8221;48px&#8221; header_2_font_size_phone=&#8221;28px&#8221; header_2_font_size_last_edited=&#8221;on|desktop&#8221; locked=&#8221;off&#8221; global_colors_info=&#8221;{}&#8221;]<\/p>\n<h2 class=\"av-special-heading-tag \" itemprop=\"headline\">Baggrund og form\u00e5l med foredragene<\/h2>\n<p>[\/et_pb_text][\/et_pb_column][\/et_pb_row][\/et_pb_section][et_pb_section fb_built=&#8221;1&#8243; _builder_version=&#8221;4.16&#8243; _module_preset=&#8221;default&#8221; custom_padding=&#8221;3px||4px|||&#8221; global_colors_info=&#8221;{}&#8221;][et_pb_row column_structure=&#8221;2_5,3_5&#8243; _builder_version=&#8221;4.16&#8243; _module_preset=&#8221;default&#8221; global_colors_info=&#8221;{}&#8221;][et_pb_column type=&#8221;2_5&#8243; _builder_version=&#8221;4.16&#8243; _module_preset=&#8221;default&#8221; global_colors_info=&#8221;{}&#8221;][et_pb_image src=&#8221;https:\/\/universetspuls.dk\/wp-content\/uploads\/2020\/11\/sfinx1.jpg&#8221; title_text=&#8221;sfinx1&#8243; show_bottom_space=&#8221;off&#8221; _builder_version=&#8221;4.16&#8243; _module_preset=&#8221;default&#8221; custom_margin=&#8221;-70px||||false|false&#8221; custom_margin_tablet=&#8221;0px||||false|false&#8221; custom_margin_phone=&#8221;0px||||false|false&#8221; custom_margin_last_edited=&#8221;on|desktop&#8221; animation_style=&#8221;slide&#8221; animation_direction=&#8221;top&#8221; box_shadow_style=&#8221;preset1&#8243; global_colors_info=&#8221;{}&#8221;][\/et_pb_image][\/et_pb_column][et_pb_column type=&#8221;3_5&#8243; _builder_version=&#8221;4.16&#8243; _module_preset=&#8221;default&#8221; global_colors_info=&#8221;{}&#8221;][et_pb_text _builder_version=&#8221;4.16&#8243; _module_preset=&#8221;default&#8221; header_2_font=&#8221;Philosopher|700|||||||&#8221; header_2_text_align=&#8221;center&#8221; header_2_text_color=&#8221;#7D3F58&#8243; header_2_font_size=&#8221;45px&#8221; header_2_line_height=&#8221;1.3em&#8221; header_3_font=&#8221;|600|||||||&#8221; header_3_text_align=&#8221;left&#8221; header_3_text_color=&#8221;#7D3F58&#8243; header_3_line_height=&#8221;1.8em&#8221; width_tablet=&#8221;80%&#8221; width_phone=&#8221;100%&#8221; width_last_edited=&#8221;off|desktop&#8221; custom_margin=&#8221;40px||40px||true|&#8221; custom_margin_tablet=&#8221;40px||40px||true|&#8221; custom_margin_phone=&#8221;40px||40px||true|&#8221; custom_margin_last_edited=&#8221;on|desktop&#8221; animation_style=&#8221;fade&#8221; header_2_font_size_tablet=&#8221;34px&#8221; header_2_font_size_phone=&#8221;28px&#8221; header_2_font_size_last_edited=&#8221;on|desktop&#8221; locked=&#8221;off&#8221; global_colors_info=&#8221;{}&#8221;]<\/p>\n<h3>If\u00f8lge gamle overleveringer rummer sfinksen p\u00e5 en eller anden m\u00e5de en indre visdom om den verden, vi lever i, og den v\u00e6lges derfor her som et symbol p\u00e5 al den viden, der findes om ikke-fysiske f\u00e6nomener.<\/h3>\n<p>[\/et_pb_text][et_pb_divider color=&#8221;#FE7F5C&#8221; _builder_version=&#8221;4.16&#8243; _module_preset=&#8221;default&#8221; max_width=&#8221;40%&#8221; max_width_tablet=&#8221;40%&#8221; max_width_phone=&#8221;40%&#8221; max_width_last_edited=&#8221;on|desktop&#8221; global_colors_info=&#8221;{}&#8221;][\/et_pb_divider][\/et_pb_column][\/et_pb_row][\/et_pb_section][et_pb_section fb_built=&#8221;1&#8243; _builder_version=&#8221;4.16&#8243; _module_preset=&#8221;default&#8221; background_enable_image=&#8221;off&#8221; custom_padding=&#8221;3px|||||&#8221; global_colors_info=&#8221;{}&#8221;][et_pb_row custom_padding_last_edited=&#8221;on|phone&#8221; _builder_version=&#8221;4.16&#8243; _module_preset=&#8221;default&#8221; custom_margin=&#8221;0%|auto|0%|auto|true|false&#8221; custom_padding=&#8221;60px||130px||false|false&#8221; custom_padding_tablet=&#8221;40px||||false|false&#8221; custom_padding_phone=&#8221;40px||||false|false&#8221; global_colors_info=&#8221;{}&#8221;][et_pb_column type=&#8221;4_4&#8243; _builder_version=&#8221;4.16&#8243; _module_preset=&#8221;default&#8221; global_colors_info=&#8221;{}&#8221;][et_pb_text _builder_version=&#8221;4.16&#8243; _module_preset=&#8221;default&#8221; text_text_color=&#8221;#000000&#8243; text_font_size=&#8221;18px&#8221; text_line_height=&#8221;1.8em&#8221; animation_style=&#8221;fade&#8221; animation_duration=&#8221;1050ms&#8221; text_font_size_tablet=&#8221;18px&#8221; text_font_size_phone=&#8221;16px&#8221; text_font_size_last_edited=&#8221;on|phone&#8221; global_colors_info=&#8221;{}&#8221;]<\/p>\n<p>Foredragene p\u00e5 denne hjemmeside er t\u00e6nkt som en hyldest til mennesket. Mennesket som t\u00e6nkende, f\u00f8lende, villende og skabende v\u00e6sen. Mennesket som et enest\u00e5ende v\u00e6sen i naturen. Mennesket som kunstens, filosofiens og videnskabernes behersker. Mennesket, som har n\u00e5et en udviklingsgrad, hvor det har opbygget civilisationer med sk\u00f8nne bygningsv\u00e6rker, fantastiske teknologiske frembringelser, gode sociale forhold for indbyggerne, demokratiske og ordnede styreformer og lovgivningsmetoder. En kulturel udvikling, som burde resultere i et samfund best\u00e5ende af tilfredse og lykkelige m\u00e6nd, kvinder og b\u00f8rn.<\/p>\n<p>Imidlertid er befolkningen ikke specielt hverken tilfredse eller lykkelige. En stor del er mere eller mindre syge, b\u00e5de fysisk og psykisk, og medvirker herved til en uforholdsm\u00e6ssig stor social- og sundhedssektor. De fleste er mere eller mindre plagede af \u00f8konomiske problemer med at f\u00e5 indkomsten fra deres arbejdsindsats til at d\u00e6kke deres leveomkostninger, og befolkningen er stort set delt op i to grupper: En stresset del, der k\u00e6mper for at n\u00e5 at klare b\u00e5de de arbejdsm\u00e6ssige og de hjemlige problemer inden for dagens 24 timer, og en frustreret gruppe der ikke kan f\u00e5 eller \u00f8nsker at f\u00e5 arbejde uden for hjemmet.<\/p>\n<p>Der er n\u00e6ppe meget tvivl om, at disse utilfredsstillende forhold for befolkningen h\u00e6nger sammen med den naturvidenskabelige udvikling gennem de sidste \u00e5rhundreder, som har skabt den materialistiske filosofi, som stadig er fremherskende. Denne filosofis livsanskuelse g\u00e5r i al sin enkelhed ud p\u00e5, at flest mulige materielle goder er form\u00e5let med livet. Den materialistiske filosofis verdensbillede er baseret p\u00e5 udsagnet om, at kun det, som kan m\u00e5les og vejes, eksisterer. Derved reduceres mennesket til en krop styret af kemiske og elektriske signaler. Et meget fattigt menneskebillede. P\u00e5 grundlag af denne filosofi har de to store \u201cismer\u201d, kapitalismen og kommunismen udviklet sig. Kapitalismen er baseret p\u00e5 alles kamp mod alle, eller som det p\u00e6nere navn er: \u201cKonkurrence\u201d, alts\u00e5 essentielt egoisme, nemlig at tjene mest muligt p\u00e5 andres bekostning. Kommunismen er det stik modsatte, at den enkelte skal ofre sig for helheden, som bestemt af de centralt styrende organer.<\/p>\n<p>Kommunismen har vist sig i praksis at f\u00f8re til overgreb mod den enkeltes frihed. Nu findes der ikke l\u00e6ngere rene kapitalistiske eller kommunistiske tilstande, men stadig er udviklingen i foruroligende grad styret af penge. Pengenes blinde styring har f\u00f8rt til milj\u00f8problemerne, som truer med at kv\u00e6le kloden. Pengestyringen truer med at kv\u00e6le de enkelte familier pga. slavebindingen ved at g\u00e6lds\u00e6tte sig ved k\u00f8b af dyre huse, biler o. lign. Pengestyringen f\u00e5r mange gode virksomheder, foretagender, h\u00e5ndv\u00e6rk o. lign. til at forsvinde. Pengestyringen best\u00e5r i al sin enkelhed i, at enhver beslutning bevidst eller ubevidst tages efter, hvad der er billigst muligt at g\u00f8re. Det er ogs\u00e5 en materialistisk filosofi, idet ingen andre kvaliteter end flest mulig penge (materielle goder) anerkendes. En s\u00e5dan vej er d\u00f8mt til undergang p\u00e5 grund af de riges udnyttelse af de fattige. Det vil f\u00f8re til en ul\u00f8selig alles kamp mod alle, som ingen vinder.<\/p>\n<p>For virkeligt p\u00e5 l\u00e6ngere sigt at kunne \u00e6ndre disse forhold kr\u00e6ves der en anden livsanskuelse end den rent materialistiske. Det kunne f.eks. v\u00e6re en religion af en art. Hvis man ser p\u00e5 eksempler igennem historien, s\u00e5 har den religi\u00f8se livsanskuelse dog ogs\u00e5 medf\u00f8rt sociale problemer. Den katolske kirke har medf\u00f8rt samfund med meget stor forskel mellem rig og fattig. Kirken er blevet ufatteligt velhavende, men har holdt sine troende i et stramt greb af dogmer. Islam, som betegnes som de rettroende, holder ogs\u00e5 sine troende i et meget stramt s\u00e6t af regler og dogmer. Det indiske kastesystem er ogs\u00e5 et resultat af religion og uforenelig med en nutidig menneskeopfattelse. Den buddhistiske religion kan nemt f\u00f8re til passivitet, idet de mere verdslige aff\u00e6rer tilsyneladende er skadelige for ens frelse. Disse bem\u00e6rkninger om religionerne kan m\u00e5ske virke st\u00f8dende p\u00e5 nogle, fordi de er s\u00e5 korte og unuancerede. Det er bestemt ikke meningen. Enhver religion har sin sandhed, og enhver troende kan finde sin \u201cfrelse\u201d i sin religion. Alle religioner har f\u00e6lles tr\u00e6k. En religion er jo en beskrivelse af en tro p\u00e5, hvordan naturen og universet er indrettet med guddommelige eller overmenneskelige kr\u00e6fter. Det er vanskeligt for et moderne naturvidenskabeligt skolet menneske at tro p\u00e5 guddommelige og overmenneskelige kr\u00e6fter, fordi der ingen m\u00e5linger er, der synes at vise tilstedev\u00e6relsen af s\u00e5danne kr\u00e6fter. Det kr\u00e6ver mod, \u00e5benhed og god forestillingsevne at begynde at diskutere ting, der ikke kan m\u00e5les, fordi man s\u00e5 rokker ved selve den materialistiske grundopfattelse, (som i \u00f8vrigt ogs\u00e5 er en tro, nemlig troen p\u00e5 at kun d\u00e9t eksisterer, som kan m\u00e5les). Men i stedet for ligefrem at skulle m\u00e5le, diskutere eller bevise guddommelige og overmenneskelige kr\u00e6fters eksistens og lade dette v\u00e6re kriteriet for, om man vil opretholde det materialistiske livssyn eller ej, kunne man unders\u00f8ge mennesket n\u00e6rmere for at pr\u00f8ve at afg\u00f8re, om mennesket er mere end blot en krop styret af kemiske og elektriske signaler. Dette kunne f\u00f8re til en livsanskuelse baseret p\u00e5 menneskets egenskaber og udviklingsmuligheder.<\/p>\n<p>Det afg\u00f8rende ved en s\u00e5dan unders\u00f8gelse er, at der m\u00e5 findes nye kriterier for eksistens. Kan der tales om nogets eksistens, hvis dette noget ikke kan m\u00e5les eller vejes? Eksisterer f.eks. en melodi? Komponisten vil formodentlig h\u00e6vde, at den g\u00f8r, da han jo har skabt den. Men hvordan skal den m\u00e5les? Rent fysisk kan den afspilles, og trykb\u00f8lgerne i luften (lyden) kunne registreres f.eks. p\u00e5 en lydoptager. Man kunne ogs\u00e5 tage et stykke papir og nedskrive noderne til melodien. Men begge dele er kun en fysisk virkning af melodien. Melodien selv er den bevidsthedsm\u00e6ssige oplevelse, man f\u00e5r, n\u00e5r musikken afspilles. Oplevelsen er noget ikke-fysisk, der ikke kan m\u00e5les med nogen kendte m\u00e5leinstrumenter. Men oplevelsen eksisterer, og hver sin melodi giver hver sin helt specielle oplevelse, der kan genkendes fra gang til gang. Det samme kunne siges om enhver anden tanke-, f\u00f8lelses- eller viljesm\u00e6ssig oplevelse. De eksisterer, men kan ikke m\u00e5les. Mennesket er alts\u00e5 ikke blot et fysisk v\u00e6sen af k\u00f8d og blod, men ogs\u00e5 et ikke-fysisk, idet dets bevidsthed kan skabe, registrere og bearbejde ikke-fysiske og ikke m\u00e5lelige st\u00f8rrelser.<\/p>\n<p>Dette giver os imidlertid en mulighed for at \u201cm\u00e5le\u201d disse ikke-fysiske st\u00f8rrelser, idet mennesket selv kan bruges som et slags m\u00e5leinstrument for disse st\u00f8rrelser. Et menneske kan f.eks. \u201cm\u00e5le\u201d en melodi og afg\u00f8re, hvor god den er, dvs. give den en karakter p\u00e5 en gradskala. Det burde s\u00e5ledes v\u00e6re muligt ved at s\u00e6tte mennesket i centrum at opbygge en ikke materialistisk filosofi, der er baseret p\u00e5 menneskelige egenskaber frem for en materialistisk filosofi, der er baseret p\u00e5 materielle goder.<\/p>\n<p>Foredragenes form\u00e5l er at vise, at man godt kan, selv om man er naturvidenskabeligt skolet, godtage en s\u00e5dan menneskebaseret livsanskuelse, idet klassen af m\u00e5leinstrumenter blot skal udvides ved at inddrage mennesket selv som \u201cm\u00e5leinstrument\u201d, hvorved man ogs\u00e5 bliver i stand til at registrere ikke-fysiske f\u00e6nomener.<\/p>\n<p>Den ber\u00f8mte danske naturvidenskabsmand H. C. \u00d8rsted, der opdagede, at en elektrisk str\u00f8m giver anledning til tilstedev\u00e6relsen af et magnetfelt, beskrev begrebet \u201c\u00e5nden i naturen\u201d. For \u00d8rsted var det jagten p\u00e5 den guddommelige og evige fornuft, der styrede ham gennem livet. En fornuft, der giver sig udtryk i det sande (videnskaben), det sk\u00f8nne (kunsten) og det gode (religionen) og kombinationer heraf. Denne hjemmeside kan ses som et fors\u00f8g p\u00e5 at g\u00e5 i \u00d8rsteds fodspor og \u201cjagte\u201d \u00e5nden i mennesket og dermed ogs\u00e5 \u00e5nden i naturen og i universet.<\/p>\n<p>God forn\u00f8jelse og god \u201cjagt\u201d med arbejdet i at forst\u00e5 foredragene!<\/p>\n<p>Foredragene er lagt ud p\u00e5 Facebook, <a href=\"https:\/\/www.youtube.com\/channel\/UCYYNLKCLy6iJC2WOMFsdrqA\">https:\/\/www.youtube.com\/channel\/UCYYNLKCLy6iJC2WOMFsdrqA<\/a> , men kan ogs\u00e5 k\u00f8bes til 30 kr.\/stk. i bedre opl\u00f8sning ved at klikke p\u00e5 menupunktet \u201cshop\u201d. De kan f\u00e5s enten som en video eller en lydfil eller et s\u00e6t noter, som er en Power Point pr\u00e6sentation af foredraget i pdf format.<\/p>\n<p>[\/et_pb_text][\/et_pb_column][\/et_pb_row][\/et_pb_section][et_pb_section fb_built=&#8221;1&#8243; disabled_on=&#8221;on|on|on&#8221; admin_label=&#8221;Footer&#8221; _builder_version=&#8221;4.16&#8243; _module_preset=&#8221;default&#8221; background_color=&#8221;#313453&#8243; background_enable_image=&#8221;off&#8221; background_size=&#8221;initial&#8221; custom_margin=&#8221;0px||||false|false&#8221; disabled=&#8221;on&#8221; locked=&#8221;off&#8221; global_colors_info=&#8221;{}&#8221;][et_pb_row custom_padding_last_edited=&#8221;on|desktop&#8221; _builder_version=&#8221;4.16&#8243; _module_preset=&#8221;default&#8221; background_color=&#8221;gcid-385bee62-7652-4bac-9f8e-38f21c634ae9&#8243; background_image=&#8221;https:\/\/universetspuls.dk\/wp-content\/uploads\/2022\/03\/astrologist-illustrations-25.png&#8221; transform_scale_last_edited=&#8221;off|desktop&#8221; transform_translate_tablet=&#8221;0px|0px&#8221; transform_translate_last_edited=&#8221;off|desktop&#8221; transform_rotate_last_edited=&#8221;off|desktop&#8221; transform_skew_last_edited=&#8221;off|desktop&#8221; transform_origin_last_edited=&#8221;off|desktop&#8221; transform_styles_last_edited=&#8221;off|desktop&#8221; custom_margin=&#8221;-110px||40px||false|false&#8221; custom_padding=&#8221;120px|40px|120px|40px|true|true&#8221; custom_padding_tablet=&#8221;40px|30px|40px|30px|true|true&#8221; custom_padding_phone=&#8221;70px|20px|70px|20px|true|true&#8221; animation_style=&#8221;zoom&#8221; background_last_edited=&#8221;on|phone&#8221; background_size_tablet=&#8221;cover&#8221; background_size_phone=&#8221;cover&#8221; global_module=&#8221;4115&#8243; saved_tabs=&#8221;all&#8221; global_colors_info=&#8221;{%22gcid-385bee62-7652-4bac-9f8e-38f21c634ae9%22:%91%22background_color%22%93}&#8221;][et_pb_column type=&#8221;4_4&#8243; _builder_version=&#8221;4.16&#8243; _module_preset=&#8221;default&#8221; global_colors_info=&#8221;{}&#8221;][et_pb_text _builder_version=&#8221;4.16&#8243; _module_preset=&#8221;default&#8221; header_2_font=&#8221;Philosopher|700|||||||&#8221; header_2_text_align=&#8221;center&#8221; header_2_text_color=&#8221;#313453&#8243; header_2_font_size=&#8221;54px&#8221; header_3_font=&#8221;Kaushan Script||on||||||&#8221; header_3_text_align=&#8221;center&#8221; header_3_text_color=&#8221;#fe7f5c&#8221; header_3_line_height=&#8221;1.3em&#8221; width=&#8221;70%&#8221; width_tablet=&#8221;80%&#8221; width_phone=&#8221;&#8221; width_last_edited=&#8221;on|phone&#8221; module_alignment=&#8221;center&#8221; header_2_font_size_tablet=&#8221;28px&#8221; header_2_font_size_phone=&#8221;20px&#8221; header_2_font_size_last_edited=&#8221;on|phone&#8221; locked=&#8221;off&#8221; global_colors_info=&#8221;{}&#8221;]<\/p>\n<h3><\/h3>\n<h2>Tilbud!<\/h2>\n<p>[\/et_pb_text][et_pb_text _builder_version=&#8221;4.17.6&#8243; _module_preset=&#8221;default&#8221; text_font=&#8221;Montserrat||||||||&#8221; text_text_color=&#8221;#FFFFFF&#8221; text_font_size=&#8221;18px&#8221; text_line_height=&#8221;1.8em&#8221; text_orientation=&#8221;center&#8221; width=&#8221;60%&#8221; width_tablet=&#8221;75%&#8221; width_phone=&#8221;100%&#8221; width_last_edited=&#8221;on|phone&#8221; module_alignment=&#8221;center&#8221; text_font_size_tablet=&#8221;15px&#8221; text_font_size_phone=&#8221;14px&#8221; text_font_size_last_edited=&#8221;on|phone&#8221; locked=&#8221;off&#8221; global_colors_info=&#8221;{}&#8221;]<\/p>\n<p>Ingen tilbud lige nu.<\/p>\n<p>[\/et_pb_text][et_pb_button button_url=&#8221;@ET-DC@eyJkeW5hbWljIjp0cnVlLCJjb250ZW50IjoicG9zdF9saW5rX3VybF9wYWdlIiwic2V0dGluZ3MiOnsicG9zdF9pZCI6IjM5ODgifX0=@&#8221; button_text=&#8221;Shop&#8221; button_alignment=&#8221;center&#8221; button_alignment_tablet=&#8221;center&#8221; button_alignment_last_edited=&#8221;off|desktop&#8221; _builder_version=&#8221;4.16.0&#8243; _dynamic_attributes=&#8221;button_url&#8221; _module_preset=&#8221;default&#8221; custom_button=&#8221;on&#8221; button_text_size=&#8221;12px&#8221; button_text_color=&#8221;#ffffff&#8221; button_bg_color=&#8221;#fe7f5c&#8221; button_border_width=&#8221;0px&#8221; button_border_radius=&#8221;0px&#8221; button_letter_spacing=&#8221;1px&#8221; button_font=&#8221;Montserrat|600||on|||||&#8221; custom_padding=&#8221;15px|30px|15px|30px|true|true&#8221; locked=&#8221;off&#8221; global_colors_info=&#8221;{}&#8221;][\/et_pb_button][\/et_pb_column][\/et_pb_row][\/et_pb_section]<\/p>\n","protected":false},"excerpt":{"rendered":"<p>Baggrund og form\u00e5l med foredrageneIf\u00f8lge gamle overleveringer rummer sfinksen p\u00e5 en eller anden m\u00e5de en indre visdom om den verden, vi lever i, og den v\u00e6lges derfor her som et symbol p\u00e5 al den viden, der findes om ikke-fysiske f\u00e6nomener.Foredragene p\u00e5 denne hjemmeside er t\u00e6nkt som en hyldest til mennesket. Mennesket som t\u00e6nkende, f\u00f8lende, villende [&hellip;]<\/p>\n","protected":false},"author":4,"featured_media":0,"parent":0,"menu_order":0,"comment_status":"closed","ping_status":"closed","template":"","meta":{"_et_pb_use_builder":"on","_et_pb_old_content":"","_et_gb_content_width":"","footnotes":""},"class_list":["post-3759","page","type-page","status-publish","hentry"],"_links":{"self":[{"href":"https:\/\/universetspuls.dk\/index.php\/wp-json\/wp\/v2\/pages\/3759","targetHints":{"allow":["GET"]}}],"collection":[{"href":"https:\/\/universetspuls.dk\/index.php\/wp-json\/wp\/v2\/pages"}],"about":[{"href":"https:\/\/universetspuls.dk\/index.php\/wp-json\/wp\/v2\/types\/page"}],"author":[{"embeddable":true,"href":"https:\/\/universetspuls.dk\/index.php\/wp-json\/wp\/v2\/users\/4"}],"replies":[{"embeddable":true,"href":"https:\/\/universetspuls.dk\/index.php\/wp-json\/wp\/v2\/comments?post=3759"}],"version-history":[{"count":11,"href":"https:\/\/universetspuls.dk\/index.php\/wp-json\/wp\/v2\/pages\/3759\/revisions"}],"predecessor-version":[{"id":4617,"href":"https:\/\/universetspuls.dk\/index.php\/wp-json\/wp\/v2\/pages\/3759\/revisions\/4617"}],"wp:attachment":[{"href":"https:\/\/universetspuls.dk\/index.php\/wp-json\/wp\/v2\/media?parent=3759"}],"curies":[{"name":"wp","href":"https:\/\/api.w.org\/{rel}","templated":true}]}}