{"id":3817,"date":"2022-03-31T10:13:01","date_gmt":"2022-03-31T08:13:01","guid":{"rendered":"https:\/\/universetspuls.dk\/?page_id=3817"},"modified":"2025-09-11T15:05:58","modified_gmt":"2025-09-11T13:05:58","slug":"foredrag","status":"publish","type":"page","link":"https:\/\/universetspuls.dk\/index.php\/foredrag\/","title":{"rendered":"Foredrag"},"content":{"rendered":"<p>[et_pb_section fb_built=&#8221;1&#8243; custom_padding_last_edited=&#8221;on|desktop&#8221; next_background_color=&#8221;#ffffff&#8221; admin_label=&#8221;About&#8221; _builder_version=&#8221;4.16.0&#8243; _module_preset=&#8221;default&#8221; background_color=&#8221;gcid-d705e4a5-73d4-4d11-8c7b-a5d471a82263&#8243; background_color_gradient_start=&#8221;#f7a355&#8243; background_image=&#8221;https:\/\/universetspuls.dk\/wp-content\/uploads\/2022\/03\/bryan-goff-RF4p4rTM-2s-unsplash.jpg&#8221; custom_margin=&#8221;0px||||false|false&#8221; custom_padding=&#8221;60px||||false|false&#8221; custom_padding_tablet=&#8221;60px||||false|false&#8221; custom_padding_phone=&#8221;60px||||false|false&#8221; bottom_divider_style=&#8221;ramp2&#8243; bottom_divider_flip=&#8221;horizontal&#8221; background_last_edited=&#8221;on|desktop&#8221; background_enable_mask_style_tablet=&#8221;off&#8221; background_enable_mask_style_phone=&#8221;off&#8221; background_mask_transform_tablet=&#8221;invert|flip_horizontal&#8221; background_mask_transform_phone=&#8221;invert|flip_horizontal&#8221; background_mask_size_tablet=&#8221;contain&#8221; background_mask_size_phone=&#8221;contain&#8221; background_mask_width_phone=&#8221;100%&#8221; background_mask_height_phone=&#8221;20%&#8221; background_mask_position_tablet=&#8221;top_left&#8221; global_colors_info=&#8221;{%22gcid-d705e4a5-73d4-4d11-8c7b-a5d471a82263%22:%91%22background_color%22%93}&#8221;][et_pb_row custom_padding_last_edited=&#8221;on|phone&#8221; _builder_version=&#8221;4.16&#8243; _module_preset=&#8221;default&#8221; background_enable_color=&#8221;off&#8221; z_index=&#8221;10&#8243; max_width=&#8221;1280px&#8221; custom_padding=&#8221;100px|60px|80px|60px|false|true&#8221; custom_padding_tablet=&#8221;60px|30px|60px|30px|true|true&#8221; custom_padding_phone=&#8221;|0px||0px|false|true&#8221; locked=&#8221;off&#8221; global_colors_info=&#8221;{%22gcid-d705e4a5-73d4-4d11-8c7b-a5d471a82263%22:%91%22background_mask_color%22%93}&#8221;][et_pb_column type=&#8221;4_4&#8243; saved_specialty_column_type=&#8221;3_4&#8243; _builder_version=&#8221;4.16&#8243; _module_preset=&#8221;default&#8221; global_colors_info=&#8221;{}&#8221;][et_pb_text _builder_version=&#8221;4.16&#8243; _module_preset=&#8221;default&#8221; header_font=&#8221;Philosopher||||||||&#8221; header_text_color=&#8221;#FFFFFF&#8221; header_font_size=&#8221;70px&#8221; header_2_font=&#8221;Philosopher|700|||||||&#8221; header_2_text_align=&#8221;center&#8221; header_2_text_color=&#8221;#313453&#8243; header_2_font_size=&#8221;60px&#8221; header_2_line_height=&#8221;1.3em&#8221; width_tablet=&#8221;80%&#8221; width_phone=&#8221;100%&#8221; width_last_edited=&#8221;off|desktop&#8221; animation_style=&#8221;slide&#8221; animation_direction=&#8221;bottom&#8221; header_font_size_tablet=&#8221;70px&#8221; header_font_size_phone=&#8221;66px&#8221; header_font_size_last_edited=&#8221;on|phone&#8221; header_2_font_size_tablet=&#8221;48px&#8221; header_2_font_size_phone=&#8221;28px&#8221; header_2_font_size_last_edited=&#8221;on|desktop&#8221; header_text_shadow_style=&#8221;preset3&#8243; locked=&#8221;off&#8221; global_colors_info=&#8221;{}&#8221;]<\/p>\n<h1 class=\"av-special-heading-tag \" itemprop=\"headline\">Foredrag<\/h1>\n<p>[\/et_pb_text][\/et_pb_column][\/et_pb_row][\/et_pb_section][et_pb_section fb_built=&#8221;1&#8243; _builder_version=&#8221;4.16&#8243; _module_preset=&#8221;default&#8221; custom_padding=&#8221;3px||4px|||&#8221; global_colors_info=&#8221;{}&#8221;][et_pb_row _builder_version=&#8221;4.16&#8243; _module_preset=&#8221;default&#8221; custom_margin=&#8221;68px|auto||auto||&#8221; global_colors_info=&#8221;{}&#8221;][et_pb_column type=&#8221;4_4&#8243; _builder_version=&#8221;4.16&#8243; _module_preset=&#8221;default&#8221; global_colors_info=&#8221;{}&#8221;][et_pb_text _builder_version=&#8221;4.16.0&#8243; _module_preset=&#8221;default&#8221; header_3_font=&#8221;|700|||||||&#8221; header_3_line_height=&#8221;1.3em&#8221; global_colors_info=&#8221;{}&#8221;]<\/p>\n<h3>Der er i \u00f8jeblikket udgivet f\u00f8lgende foredrag og flere kommer til efterh\u00e5nden.<\/h3>\n<p>[\/et_pb_text][\/et_pb_column][\/et_pb_row][et_pb_row column_structure=&#8221;1_6,1_6,1_6,1_6,1_6,1_6&#8243; _builder_version=&#8221;4.19.0&#8243; _module_preset=&#8221;default&#8221; global_colors_info=&#8221;{}&#8221;][et_pb_column type=&#8221;1_6&#8243; _builder_version=&#8221;4.16&#8243; _module_preset=&#8221;default&#8221; global_colors_info=&#8221;{}&#8221;][et_pb_blurb title=&#8221;Hvordan er det at d\u00f8?&#8221; url=&#8221;@ET-DC@eyJkeW5hbWljIjp0cnVlLCJjb250ZW50IjoicG9zdF9saW5rX3VybF9wYWdlIiwic2V0dGluZ3MiOnsicG9zdF9pZCI6IjM4MjgifX0=@&#8221; image=&#8221;https:\/\/universetspuls.dk\/wp-content\/uploads\/2021\/02\/Forside-1-e1615979718643.jpg&#8221; _builder_version=&#8221;4.16.0&#8243; _dynamic_attributes=&#8221;link_option_url,url&#8221; _module_preset=&#8221;default&#8221; header_font=&#8221;Philosopher|600|||||||&#8221; header_text_align=&#8221;center&#8221; header_line_height=&#8221;1.3em&#8221; background_color=&#8221;#FFFFFF&#8221; animation_style=&#8221;fade&#8221; link_option_url=&#8221;@ET-DC@eyJkeW5hbWljIjp0cnVlLCJjb250ZW50IjoicG9zdF9saW5rX3VybF9wYWdlIiwic2V0dGluZ3MiOnsicG9zdF9pZCI6IjM4MjgifX0=@&#8221; custom_css_blurb_title=&#8221;padding: 0px 5px 10px 5px;&#8221; border_radii=&#8221;on|6px|6px|6px|6px&#8221; border_color_all=&#8221;#FFFFFF&#8221; box_shadow_style=&#8221;preset1&#8243; global_colors_info=&#8221;{}&#8221;][\/et_pb_blurb][et_pb_blurb title=&#8221;Hvordan fungerer astrallegemet, og hvad er astral-verdenen?&#8221; url=&#8221;@ET-DC@eyJkeW5hbWljIjp0cnVlLCJjb250ZW50IjoicG9zdF9saW5rX3VybF9wYWdlIiwic2V0dGluZ3MiOnsicG9zdF9pZCI6IjQ1MDUifX0=@&#8221; image=&#8221;https:\/\/universetspuls.dk\/wp-content\/uploads\/2023\/01\/ForsideAstr-e1673632507319.jpg&#8221; _builder_version=&#8221;4.19.0&#8243; _dynamic_attributes=&#8221;link_option_url,url&#8221; _module_preset=&#8221;default&#8221; header_font=&#8221;Philosopher|600|||||||&#8221; header_text_align=&#8221;center&#8221; header_line_height=&#8221;1.3em&#8221; background_color=&#8221;#FFFFFF&#8221; animation_style=&#8221;fade&#8221; link_option_url=&#8221;@ET-DC@eyJkeW5hbWljIjp0cnVlLCJjb250ZW50IjoicG9zdF9saW5rX3VybF9wYWdlIiwic2V0dGluZ3MiOnsicG9zdF9pZCI6IjM4MjgifX0=@&#8221; custom_css_blurb_title=&#8221;padding: 0px 5px 10px 5px;&#8221; border_radii=&#8221;on|6px|6px|6px|6px&#8221; border_color_all=&#8221;#FFFFFF&#8221; box_shadow_style=&#8221;preset1&#8243; global_colors_info=&#8221;{}&#8221;][\/et_pb_blurb][\/et_pb_column][et_pb_column type=&#8221;1_6&#8243; _builder_version=&#8221;4.16&#8243; _module_preset=&#8221;default&#8221; global_colors_info=&#8221;{}&#8221;][et_pb_blurb title=&#8221;Kan man m\u00e5le ikke fysiske f\u00e6nomener?&#8221; url=&#8221;@ET-DC@eyJkeW5hbWljIjp0cnVlLCJjb250ZW50IjoicG9zdF9saW5rX3VybF9wYWdlIiwic2V0dGluZ3MiOnsicG9zdF9pZCI6IjM4MjQifX0=@&#8221; image=&#8221;https:\/\/universetspuls.dk\/wp-content\/uploads\/2021\/03\/Forsiden-e1616004376716.jpg&#8221; _builder_version=&#8221;4.16.0&#8243; _dynamic_attributes=&#8221;url,link_option_url&#8221; _module_preset=&#8221;default&#8221; header_font=&#8221;Philosopher|600|||||||&#8221; header_text_align=&#8221;center&#8221; header_line_height=&#8221;1.3em&#8221; background_color=&#8221;#FFFFFF&#8221; animation_style=&#8221;fade&#8221; link_option_url=&#8221;@ET-DC@eyJkeW5hbWljIjp0cnVlLCJjb250ZW50IjoicG9zdF9saW5rX3VybF9wYWdlIiwic2V0dGluZ3MiOnsicG9zdF9pZCI6IjM4MjQifX0=@&#8221; custom_css_blurb_title=&#8221;padding: 0px 5px 10px 5px;&#8221; border_radii=&#8221;on|6px|6px|6px|6px&#8221; border_color_all=&#8221;#FFFFFF&#8221; box_shadow_style=&#8221;preset1&#8243; global_colors_info=&#8221;{}&#8221;][\/et_pb_blurb][\/et_pb_column][et_pb_column type=&#8221;1_6&#8243; _builder_version=&#8221;4.16&#8243; _module_preset=&#8221;default&#8221; global_colors_info=&#8221;{}&#8221;][et_pb_blurb title=&#8221;Hvad er et menneske egentligt?&#8221; url=&#8221;@ET-DC@eyJkeW5hbWljIjp0cnVlLCJjb250ZW50IjoicG9zdF9saW5rX3VybF9wYWdlIiwic2V0dGluZ3MiOnsicG9zdF9pZCI6IjM4NzYifX0=@&#8221; image=&#8221;https:\/\/universetspuls.dk\/wp-content\/uploads\/2021\/04\/HEEMEforside-300&#215;223.jpg&#8221; _builder_version=&#8221;4.16.0&#8243; _dynamic_attributes=&#8221;url,link_option_url&#8221; _module_preset=&#8221;default&#8221; header_font=&#8221;Philosopher|600|||||||&#8221; header_text_align=&#8221;center&#8221; header_line_height=&#8221;1.3em&#8221; background_color=&#8221;#FFFFFF&#8221; animation_style=&#8221;fade&#8221; link_option_url=&#8221;@ET-DC@eyJkeW5hbWljIjp0cnVlLCJjb250ZW50IjoicG9zdF9saW5rX3VybF9wYWdlIiwic2V0dGluZ3MiOnsicG9zdF9pZCI6IjM4NzYifX0=@&#8221; custom_css_blurb_title=&#8221;padding: 0px 5px 10px 5px;&#8221; border_radii=&#8221;on|6px|6px|6px|6px&#8221; border_color_all=&#8221;#FFFFFF&#8221; box_shadow_style=&#8221;preset1&#8243; global_colors_info=&#8221;{}&#8221;][\/et_pb_blurb][\/et_pb_column][et_pb_column type=&#8221;1_6&#8243; _builder_version=&#8221;4.16&#8243; _module_preset=&#8221;default&#8221; global_colors_info=&#8221;{}&#8221;][et_pb_blurb title=&#8221;Har vi mon levet f\u00f8r?&#8221; url=&#8221;@ET-DC@eyJkeW5hbWljIjp0cnVlLCJjb250ZW50IjoicG9zdF9saW5rX3VybF9wYWdlIiwic2V0dGluZ3MiOnsicG9zdF9pZCI6IjM4NzAifX0=@&#8221; image=&#8221;https:\/\/universetspuls.dk\/wp-content\/uploads\/2021\/08\/ForsideHVLF-300&#215;225.jpg&#8221; _builder_version=&#8221;4.17.3&#8243; _dynamic_attributes=&#8221;url,link_option_url&#8221; _module_preset=&#8221;default&#8221; header_font=&#8221;Philosopher|600|||||||&#8221; header_text_align=&#8221;center&#8221; header_line_height=&#8221;1.3em&#8221; background_color=&#8221;#FFFFFF&#8221; animation_style=&#8221;fade&#8221; link_option_url=&#8221;@ET-DC@eyJkeW5hbWljIjp0cnVlLCJjb250ZW50IjoicG9zdF9saW5rX3VybF9wYWdlIiwic2V0dGluZ3MiOnsicG9zdF9pZCI6IjM4NzAifX0=@&#8221; custom_css_blurb_title=&#8221;padding: 0px 5px 10px 5px;&#8221; border_radii=&#8221;on|6px|6px|6px|6px&#8221; border_color_all=&#8221;#FFFFFF&#8221; box_shadow_style=&#8221;preset1&#8243; global_colors_info=&#8221;{}&#8221;][\/et_pb_blurb][\/et_pb_column][et_pb_column type=&#8221;1_6&#8243; _builder_version=&#8221;4.16&#8243; _module_preset=&#8221;default&#8221; global_colors_info=&#8221;{}&#8221;][et_pb_blurb title=&#8221;Hvad sker der mellem d\u00f8d og ny f\u00f8dsel?&#8221; url=&#8221;@ET-DC@eyJkeW5hbWljIjp0cnVlLCJjb250ZW50IjoicG9zdF9saW5rX3VybF9wYWdlIiwic2V0dGluZ3MiOnsicG9zdF9pZCI6IjM4ODAifX0=@&#8221; image=&#8221;https:\/\/universetspuls.dk\/wp-content\/uploads\/2022\/01\/HSDMD1-300&#215;225.jpg&#8221; _builder_version=&#8221;4.17.3&#8243; _dynamic_attributes=&#8221;url,link_option_url&#8221; _module_preset=&#8221;default&#8221; header_font=&#8221;Philosopher|600|||||||&#8221; header_text_align=&#8221;center&#8221; header_line_height=&#8221;1.3em&#8221; background_color=&#8221;#FFFFFF&#8221; animation_style=&#8221;fade&#8221; link_option_url=&#8221;@ET-DC@eyJkeW5hbWljIjp0cnVlLCJjb250ZW50IjoicG9zdF9saW5rX3VybF9wYWdlIiwic2V0dGluZ3MiOnsicG9zdF9pZCI6IjM4ODAifX0=@&#8221; custom_css_blurb_title=&#8221;padding: 0px 5px 10px 5px;&#8221; border_radii=&#8221;on|6px|6px|6px|6px&#8221; border_color_all=&#8221;#FFFFFF&#8221; box_shadow_style=&#8221;preset1&#8243; global_colors_info=&#8221;{}&#8221;][\/et_pb_blurb][\/et_pb_column][et_pb_column type=&#8221;1_6&#8243; _builder_version=&#8221;4.17.3&#8243; _module_preset=&#8221;default&#8221; global_colors_info=&#8221;{}&#8221;][et_pb_blurb title=&#8221;Hvordan fungerer \u00e6terlegemet?&#8221; url=&#8221;@ET-DC@eyJkeW5hbWljIjp0cnVlLCJjb250ZW50IjoicG9zdF9saW5rX3VybF9wYWdlIiwic2V0dGluZ3MiOnsicG9zdF9pZCI6IjQzNjIifX0=@&#8221; image=&#8221;https:\/\/universetspuls.dk\/wp-content\/uploads\/2022\/06\/ForsideHFAE.jpg&#8221; _builder_version=&#8221;4.17.3&#8243; _dynamic_attributes=&#8221;url,link_option_url&#8221; _module_preset=&#8221;default&#8221; header_font=&#8221;Philosopher|600|||||||&#8221; header_text_align=&#8221;center&#8221; header_line_height=&#8221;1.3em&#8221; background_color=&#8221;#FFFFFF&#8221; animation_style=&#8221;fade&#8221; link_option_url=&#8221;@ET-DC@eyJkeW5hbWljIjp0cnVlLCJjb250ZW50IjoicG9zdF9saW5rX3VybF9wYWdlIiwic2V0dGluZ3MiOnsicG9zdF9pZCI6IjM4NzAifX0=@&#8221; custom_css_blurb_title=&#8221;padding: 0px 5px 10px 5px;&#8221; border_radii=&#8221;on|6px|6px|6px|6px&#8221; border_color_all=&#8221;#FFFFFF&#8221; box_shadow_style=&#8221;preset1&#8243; locked=&#8221;off&#8221; global_colors_info=&#8221;{}&#8221;][\/et_pb_blurb][\/et_pb_column][\/et_pb_row][\/et_pb_section][et_pb_section fb_built=&#8221;1&#8243; _builder_version=&#8221;4.16&#8243; _module_preset=&#8221;default&#8221; background_enable_image=&#8221;off&#8221; custom_padding=&#8221;3px|||||&#8221; global_colors_info=&#8221;{}&#8221;][et_pb_row custom_padding_last_edited=&#8221;on|phone&#8221; _builder_version=&#8221;4.16&#8243; _module_preset=&#8221;default&#8221; custom_margin=&#8221;0%|auto|0%|auto|true|false&#8221; custom_padding=&#8221;60px||130px||false|false&#8221; custom_padding_tablet=&#8221;40px||||false|false&#8221; custom_padding_phone=&#8221;40px||||false|false&#8221; global_colors_info=&#8221;{}&#8221;][et_pb_column type=&#8221;4_4&#8243; _builder_version=&#8221;4.16&#8243; _module_preset=&#8221;default&#8221; global_colors_info=&#8221;{}&#8221;][et_pb_text _builder_version=&#8221;4.19.0&#8243; _module_preset=&#8221;default&#8221; text_text_color=&#8221;#000000&#8243; text_font_size=&#8221;18px&#8221; text_line_height=&#8221;1.8em&#8221; custom_padding=&#8221;0px|||||&#8221; animation_style=&#8221;fade&#8221; animation_duration=&#8221;1050ms&#8221; text_font_size_tablet=&#8221;18px&#8221; text_font_size_phone=&#8221;16px&#8221; text_font_size_last_edited=&#8221;on|phone&#8221; global_colors_info=&#8221;{}&#8221;]<\/p>\n<p>&nbsp;<\/p>\n<p>&nbsp;<\/p>\n<p>Det f\u00f8rste foredrag er valgt pga. emnets vigtighed. Der er s\u00e5 mange mennesker, der g\u00e5r rundt og har angst for d\u00f8den. Dette skyldes uvidenhed om, hvad der sker, n\u00e5r man d\u00f8r. Imidlertid er der rigtig mange beretninger om d\u00f8dsoplevelser. Da de i sagens natur m\u00e5 v\u00e6re fortalt af folk, der er genoplivede, har beretningerne f\u00e5et betegnelsen n\u00e6rd\u00f8dsoplevelser. Disse utallige fort\u00e6llinger har mange f\u00e6lles tr\u00e6k og meget tyder p\u00e5, at man lever videre efter d\u00f8den som en sj\u00e6l.<\/p>\n<p>Det andet foredrag er vigtigt, fordi mange mennesker tror, at tankeoverf\u00f8ring (telepati) og synskhed (clairvoyance) er noget vr\u00f8vl. Som foredraget fort\u00e6ller, er disse evner imidlertid videnskabeligt bevist, og b\u00e5de telepati og clairvoyance er evner, som vi alle besidder til en vis grad. Nogle f\u00e5 (omkring 1 %) har endda udpr\u00e6gede evner og er s\u00e6rlig gode til det. Yderligere er det ogs\u00e5 p\u00e5vist, at tanker p\u00e5virker vores omgivelser.<\/p>\n<p>Det tredje foredrag fort\u00e6ller om menneskets opbygning i krop, sind og \u00e5nd. Der beskrives, hvor denne viden kommer fra. Der fort\u00e6lles om menneskets tre auralag: \u00c6terlegemet, astrallegemet og mentallegemet. Der omtales meridianer og akupunktur. Chakraerne og deres egenskaber beskrives. Blokeringer i chakraerne omtales. Foredraget slutter med en omtale af sj\u00e6l og bevidsthed, samt bevidsthedens udvikling.<\/p>\n<p>Det fjerde foredrag handler om reinkarnation og karma. Der er mange tusinde beretninger fra mennesker, der har oplevet at huske episoder fra tidligere liv. Mange af disse er ogs\u00e5 dokumenterede, idet man har fundet frem til beviser for deres beretninger. Is\u00e6r b\u00f8rn har v\u00e6ret unders\u00f8gt af forskerne. Man har bl.a. fundet moderm\u00e6rker, ar og m\u00e6rker p\u00e5 kroppen efter skader i tidligere liv.<\/p>\n<p>Karmaloven omtales grundigt, og livets retf\u00e6rdighed og form\u00e5l diskuteres.<\/p>\n<p>Det femte foredrag handler om\u00a0livet efter d\u00f8den og indtil den ny f\u00f8dsel. Der findes hundredvis af stort set enslydende beskrivelser af dette berettet af klienter under hypnose.<\/p>\n<p>De forskellige stadier af livet mellem livene omtales. Der fort\u00e6lles om m\u00f8det med ens sj\u00e6lsgruppe og den undervisning og terapi, det er muligt at modtage samt om gl\u00e6den og tilfredsstillelsen ved at leve det frie liv mellem livene, som er sj\u00e6lens egentlige hjemmeunivers.<\/p>\n<p>Det sjette foredrag er om \u00e6terlegemet. Ved \u00e6terlegemet forst\u00e5s den aura eller udstr\u00e5ling, der er omkring den menneskelige krop. Denne udstr\u00e5ling h\u00f8rer hjemme i den fysiske verden og best\u00e5r af stof fra de fire mindst t\u00e6tte tilstandsformer af fysisk stof, som omtales og sammenlignes med, hvad fysikken ved om disse. Der er i alt 7 tilstandsformer af fysisk stof, hvoraf de t\u00e6tteste er de mest kendte, nemlig fast, flydende og luftformig tilstand. Der gennemg\u00e5s \u00e6terlegemets form\u00e5l og omtales prana (livskraft), som optages fra solindstr\u00e5lingen og fordeles af de \u00e6teriske chakraer, samt meridianer og nadier. Der fort\u00e6lles om \u00e6terisk healing, og om hvordan man kan optr\u00e6ne sit \u00e6teriske syn.<\/p>\n<p>Det syvende foredrag handler om astrallegemet. <span>Ved astrallegemet forst\u00e5s normalt den aura eller udstr\u00e5ling, der er omkring den menneskelige krop, som udtrykker, hvad mennesket f\u00f8ler, men det er faktisk ogs\u00e5 koncentreret inden i selve\u00a0 kroppen. Dette astrallegeme er ikke fysisk og kan alts\u00e5 p\u00e5 ingen m\u00e5de m\u00e5les med instrumenter i den fysiske verden, men m\u00e5 iagttages med clairvoyante evner. Astrallegemet best\u00e5r af astralt stof, som er finere og h\u00f8jere vibrerende, og som gennemtr\u00e6nger det fysiske stof<i>.\u00a0<\/i><\/span>Astrallegemets form\u00e5l er: At g\u00f8re det muligt at f\u00f8le, at tjene som bro mellem sind og fysisk stof og at fungere som et uafh\u00e6ngigt legeme for bevidsthed og handling. Den astrale aura er livlig og turbulent og fyldt med farver, som repr\u00e6senterer de f\u00f8lelser, mennesket oplever. Der er i foredraget vist en r\u00e6kke eksempler p\u00e5 farvede auraer ved forskellige f\u00f8lelsestilstande. Selve astralverdenen er ogs\u00e5 kort beskrevet. Det er en selvst\u00e6ndig verden, hvor man lever og oplever, og hvor f\u00f8lelserne er det prim\u00e6re. Til slut er det beskrevet, hvordan man kan erhverve astralt syn, selv om man\u00a0ogs\u00e5<span>\u00a0<\/span>er<span>\u00a0<\/span>bevidst<span>\u00a0<\/span>i den fysiske<span>\u00a0<\/span>verden.<\/p>\n<p><span>Foredragene er lagt ud p\u00e5 som gratis foredrag p\u00e5 YouTube, <a href=\"https:\/\/www.youtube.com\/channel\/UCYYNLKCLy6iJC2WOMFsdrqA\">https:\/\/www.youtube.com\/channel\/UCYYNLKCLy6iJC2WOMFsdrqA<\/a>\u00a0, men kan ogs\u00e5 k\u00f8bes til 30 kr.\/stk. i bedre opl\u00f8sning ved at klikke p\u00e5 menupunktet \u201cshop\u201d. De kan f\u00e5s enten som en video eller en lydfil eller et s\u00e6t noter, som er en Power Point pr\u00e6sentation af foredraget i pdf format. Power Point noterne kan v\u00e6re gode, hvis man foretr\u00e6kker lidt fred og ro til at fordybe sig i emnerne.<\/span><\/p>\n<p><span>Jeg rejser gerne ud og holder foredrag, hvis det skulle \u00f8nskes.<\/span><\/p>\n<p>Af kommende foredragsemner t\u00e6nkes p\u00e5<\/p>\n<ul>\n<li>Tankeplanet (mentalverdenen)<\/li>\n<li>H\u00f8jere planer<\/li>\n<li>Hvad er healing<\/li>\n<li>Og lignende<\/li>\n<\/ul>\n<p>Der t\u00e6nkes ogs\u00e5 p\u00e5 et senere tidspunkt at give foredrag inden for mere esoteriske emner. Det vil imidlertid kr\u00e6ve, at en vis grundviden er tilstede. Disse foredrag vil derfor kun blive tilg\u00e6ngelige for dem, som har gennemg\u00e5et et vist antal grundl\u00e6ggende foredrag.<\/p>\n<p>[\/et_pb_text][\/et_pb_column][\/et_pb_row][\/et_pb_section][et_pb_section fb_built=&#8221;1&#8243; disabled_on=&#8221;on|on|on&#8221; admin_label=&#8221;Footer&#8221; _builder_version=&#8221;4.16&#8243; _module_preset=&#8221;default&#8221; background_color=&#8221;#313453&#8243; background_enable_image=&#8221;off&#8221; background_size=&#8221;initial&#8221; custom_margin=&#8221;0px||||false|false&#8221; disabled=&#8221;on&#8221; locked=&#8221;off&#8221; global_colors_info=&#8221;{}&#8221;][\/et_pb_section]<\/p>\n","protected":false},"excerpt":{"rendered":"<p>ForedragDer er i \u00f8jeblikket udgivet f\u00f8lgende foredrag og flere kommer til efterh\u00e5nden.&nbsp; &nbsp; Det f\u00f8rste foredrag er valgt pga. emnets vigtighed. Der er s\u00e5 mange mennesker, der g\u00e5r rundt og har angst for d\u00f8den. Dette skyldes uvidenhed om, hvad der sker, n\u00e5r man d\u00f8r. Imidlertid er der rigtig mange beretninger om d\u00f8dsoplevelser. Da de i [&hellip;]<\/p>\n","protected":false},"author":4,"featured_media":0,"parent":0,"menu_order":0,"comment_status":"closed","ping_status":"closed","template":"","meta":{"_et_pb_use_builder":"on","_et_pb_old_content":"","_et_gb_content_width":"","footnotes":""},"class_list":["post-3817","page","type-page","status-publish","hentry"],"_links":{"self":[{"href":"https:\/\/universetspuls.dk\/index.php\/wp-json\/wp\/v2\/pages\/3817","targetHints":{"allow":["GET"]}}],"collection":[{"href":"https:\/\/universetspuls.dk\/index.php\/wp-json\/wp\/v2\/pages"}],"about":[{"href":"https:\/\/universetspuls.dk\/index.php\/wp-json\/wp\/v2\/types\/page"}],"author":[{"embeddable":true,"href":"https:\/\/universetspuls.dk\/index.php\/wp-json\/wp\/v2\/users\/4"}],"replies":[{"embeddable":true,"href":"https:\/\/universetspuls.dk\/index.php\/wp-json\/wp\/v2\/comments?post=3817"}],"version-history":[{"count":26,"href":"https:\/\/universetspuls.dk\/index.php\/wp-json\/wp\/v2\/pages\/3817\/revisions"}],"predecessor-version":[{"id":4663,"href":"https:\/\/universetspuls.dk\/index.php\/wp-json\/wp\/v2\/pages\/3817\/revisions\/4663"}],"wp:attachment":[{"href":"https:\/\/universetspuls.dk\/index.php\/wp-json\/wp\/v2\/media?parent=3817"}],"curies":[{"name":"wp","href":"https:\/\/api.w.org\/{rel}","templated":true}]}}