{"id":3828,"date":"2022-03-31T10:48:29","date_gmt":"2022-03-31T08:48:29","guid":{"rendered":"https:\/\/universetspuls.dk\/?page_id=3828"},"modified":"2022-05-02T10:41:42","modified_gmt":"2022-05-02T08:41:42","slug":"hvordan-det-er-at-doe","status":"publish","type":"page","link":"https:\/\/universetspuls.dk\/index.php\/foredrag\/hvordan-det-er-at-doe\/","title":{"rendered":"Hvordan er det at d\u00f8?"},"content":{"rendered":"<p>[et_pb_section fb_built=&#8221;1&#8243; custom_padding_last_edited=&#8221;on|desktop&#8221; next_background_color=&#8221;#ffffff&#8221; admin_label=&#8221;About&#8221; _builder_version=&#8221;4.16&#8243; _module_preset=&#8221;default&#8221; background_color=&#8221;gcid-d705e4a5-73d4-4d11-8c7b-a5d471a82263&#8243; background_color_gradient_start=&#8221;#f7a355&#8243; background_image=&#8221;https:\/\/universetspuls.dk\/wp-content\/uploads\/2022\/03\/nasa-hI5dX2ObAs-unsplash.jpg&#8221; background_size=&#8221;initial&#8221; custom_margin=&#8221;0px||||false|false&#8221; custom_padding=&#8221;60px||||false|false&#8221; custom_padding_tablet=&#8221;60px||||false|false&#8221; custom_padding_phone=&#8221;60px||||false|false&#8221; bottom_divider_style=&#8221;ramp2&#8243; bottom_divider_flip=&#8221;horizontal&#8221; background_last_edited=&#8221;on|desktop&#8221; background_enable_mask_style_tablet=&#8221;off&#8221; background_enable_mask_style_phone=&#8221;off&#8221; background_mask_transform_tablet=&#8221;invert|flip_horizontal&#8221; background_mask_transform_phone=&#8221;invert|flip_horizontal&#8221; background_mask_size_tablet=&#8221;contain&#8221; background_mask_size_phone=&#8221;contain&#8221; background_mask_width_phone=&#8221;100%&#8221; background_mask_height_phone=&#8221;20%&#8221; background_mask_position_tablet=&#8221;top_left&#8221; global_colors_info=&#8221;{%22gcid-d705e4a5-73d4-4d11-8c7b-a5d471a82263%22:%91%22background_color%22%93}&#8221;][et_pb_row custom_padding_last_edited=&#8221;on|phone&#8221; _builder_version=&#8221;4.16&#8243; _module_preset=&#8221;default&#8221; background_enable_color=&#8221;off&#8221; z_index=&#8221;10&#8243; max_width=&#8221;1280px&#8221; custom_padding=&#8221;100px|60px|80px|60px|false|true&#8221; custom_padding_tablet=&#8221;60px|30px|60px|30px|true|true&#8221; custom_padding_phone=&#8221;|0px||0px|false|true&#8221; locked=&#8221;off&#8221; global_colors_info=&#8221;{%22gcid-d705e4a5-73d4-4d11-8c7b-a5d471a82263%22:%91%22background_mask_color%22%93}&#8221;][et_pb_column type=&#8221;4_4&#8243; saved_specialty_column_type=&#8221;3_4&#8243; _builder_version=&#8221;4.16&#8243; _module_preset=&#8221;default&#8221; global_colors_info=&#8221;{}&#8221;][et_pb_text _builder_version=&#8221;4.16.0&#8243; _module_preset=&#8221;default&#8221; header_font=&#8221;Philosopher||||||||&#8221; header_text_color=&#8221;#FFFFFF&#8221; header_font_size=&#8221;76px&#8221; header_2_font=&#8221;Philosopher|700|||||||&#8221; header_2_text_align=&#8221;center&#8221; header_2_text_color=&#8221;#FFFFFF&#8221; header_2_font_size=&#8221;60px&#8221; header_2_line_height=&#8221;1.3em&#8221; width_tablet=&#8221;80%&#8221; width_phone=&#8221;100%&#8221; width_last_edited=&#8221;off|desktop&#8221; custom_padding=&#8221;||0px||false|false&#8221; animation_style=&#8221;fade&#8221; animation_direction=&#8221;bottom&#8221; header_font_size_tablet=&#8221;56px&#8221; header_font_size_phone=&#8221;58px&#8221; header_font_size_last_edited=&#8221;on|desktop&#8221; header_2_font_size_tablet=&#8221;48px&#8221; header_2_font_size_phone=&#8221;30px&#8221; header_2_font_size_last_edited=&#8221;on|desktop&#8221; header_text_shadow_style=&#8221;preset3&#8243; header_2_text_shadow_style=&#8221;preset3&#8243; locked=&#8221;off&#8221; global_colors_info=&#8221;{}&#8221;]<\/p>\n<h1 class=\"av-special-heading-tag \" itemprop=\"headline\" style=\"text-align: left;\">Hvordan er det at d\u00f8?<\/h1>\n<p>[\/et_pb_text][et_pb_text _builder_version=&#8221;4.16.0&#8243; _module_preset=&#8221;default&#8221; header_2_font=&#8221;Philosopher||||||||&#8221; header_2_text_color=&#8221;#FFFFFF&#8221; header_2_font_size=&#8221;46px&#8221; custom_padding=&#8221;||36px|||&#8221; animation_style=&#8221;fade&#8221; header_2_font_size_tablet=&#8221;40px&#8221; header_2_font_size_phone=&#8221;30px&#8221; header_2_font_size_last_edited=&#8221;on|phone&#8221; header_2_text_shadow_style=&#8221;preset3&#8243; global_colors_info=&#8221;{}&#8221;]<\/p>\n<h2>(N\u00e6rd\u00f8dsoplevelser)<\/h2>\n<p>[\/et_pb_text][\/et_pb_column][\/et_pb_row][\/et_pb_section][et_pb_section fb_built=&#8221;1&#8243; _builder_version=&#8221;4.16&#8243; _module_preset=&#8221;default&#8221; custom_padding=&#8221;3px||4px|||&#8221; global_colors_info=&#8221;{}&#8221;][et_pb_row _builder_version=&#8221;4.16&#8243; _module_preset=&#8221;default&#8221; custom_margin=&#8221;68px|auto||auto||&#8221; global_colors_info=&#8221;{}&#8221;][et_pb_column type=&#8221;4_4&#8243; _builder_version=&#8221;4.16&#8243; _module_preset=&#8221;default&#8221; global_colors_info=&#8221;{}&#8221;][et_pb_image src=&#8221;https:\/\/universetspuls.dk\/wp-content\/uploads\/2021\/02\/Forside-1-300&#215;226.jpg&#8221; title_text=&#8221;Hvordan er det at d\u00f8&#8221; _builder_version=&#8221;4.16.0&#8243; _module_preset=&#8221;default&#8221; custom_margin=&#8221;-200px||||false|false&#8221; animation_style=&#8221;fade&#8221; box_shadow_style=&#8221;preset1&#8243; global_colors_info=&#8221;{}&#8221;][\/et_pb_image][\/et_pb_column][\/et_pb_row][\/et_pb_section][et_pb_section fb_built=&#8221;1&#8243; _builder_version=&#8221;4.16&#8243; _module_preset=&#8221;default&#8221; background_enable_image=&#8221;off&#8221; custom_padding=&#8221;3px|||||&#8221; global_colors_info=&#8221;{}&#8221;][et_pb_row custom_padding_last_edited=&#8221;on|phone&#8221; _builder_version=&#8221;4.16&#8243; _module_preset=&#8221;default&#8221; custom_margin=&#8221;0%|auto|0%|auto|true|false&#8221; custom_padding=&#8221;60px||130px||false|false&#8221; custom_padding_tablet=&#8221;40px||||false|false&#8221; custom_padding_phone=&#8221;40px||||false|false&#8221; global_colors_info=&#8221;{}&#8221;][et_pb_column type=&#8221;4_4&#8243; _builder_version=&#8221;4.16&#8243; _module_preset=&#8221;default&#8221; global_colors_info=&#8221;{}&#8221;][et_pb_text _builder_version=&#8221;4.16.0&#8243; _module_preset=&#8221;default&#8221; text_text_color=&#8221;#000000&#8243; text_font_size=&#8221;18px&#8221; text_line_height=&#8221;1.8em&#8221; animation_style=&#8221;fade&#8221; animation_duration=&#8221;1050ms&#8221; text_font_size_tablet=&#8221;18px&#8221; text_font_size_phone=&#8221;16px&#8221; text_font_size_last_edited=&#8221;on|phone&#8221; global_colors_info=&#8221;{}&#8221;]<\/p>\n<p>N\u00e6rd\u00f8dsoplevelser er et hyppigt f\u00e6nomen. Rigtig mange mennesker har oplevet det under sygdom, narkose eller voldsomme begivenheder. En Gallup unders\u00f8gelse fra 90\u2019erne viste, at ca. 13 millioner amerikanerne havde haft en n\u00e6rd\u00f8dslignende oplevelse. Det er ca. 5 % af den dav\u00e6rende amerikanske befolkning. Videnskabelige unders\u00f8gelser har vist, at 10 \u2013 20 % af folk, som blev genoplivet, havde haft n\u00e6rd\u00f8dsoplevelser. Der er oprettet flere forskellige hjemmesider, som tager imod folks beretninger, og der er registreret omkring 20.000 nedskrevne beretninger.<\/p>\n<p>Foredraget giver f\u00f8rst et eksempel med en videnskabsmand (en neurokirurg), der bliver ramt af meningitis, som hurtigt inficerede hele hjernen, der blev ubrugelig. Han faldt i en dyb koma. L\u00e6gerne vurderede, at han kun havde 2% chance for at overleve, og i s\u00e5 fald ville han v\u00e6re hjerneskadet. Under denne koma havde han en n\u00e6rd\u00f8dsoplevelse (NDO), som fuldst\u00e6ndigt \u00e6ndrede hans liv.<\/p>\n<p>Derefter fort\u00e6lles om en r\u00e6kke typiske oplevelser (op til 12), man kan have under en NDO. Det er almindeligt, at man kan opleve m\u00e5ske halvdelen af disse. Karakteristiske oplevelser kan v\u00e6re en f\u00f8lelse af at bev\u00e6ge sig igennem en tunnel, et m\u00f8de med et k\u00e6rligt v\u00e6sen, som viser hele ens liv som et panorama og gennemg\u00e5r livsoplevelsernes kvalitet med \u00e9n, og et m\u00f8de med afd\u00f8de familiemedlemmer og venner.<\/p>\n<p>Der fort\u00e6lles ogs\u00e5 om nogle videnskabelige unders\u00f8gelser af patienter, der er blevet bragt til live, selvom de har v\u00e6ret d\u00f8de. Disse unders\u00f8gelser konkluderer, at mennesket m\u00e5 have en bevidsthed, som er uafh\u00e6ngig af hjernen, fordi oplevelserne finder sted under en tilstand, hvor patienten er klinisk hjerned\u00f8d (flad EEG-kurve).<\/p>\n<p>Der omtales ogs\u00e5 en forfatter (Jeffrey Long), som opstiller ni punkter p\u00e5 grundlag af n\u00e6rd\u00f8dsoplevelser, som han betragter som bevis for, at der findes et liv efter d\u00f8den.<\/p>\n<p>Foredraget afsluttes med henvisning til nogle hjemmesider, som omhandler n\u00e6rd\u00f8dsoplevelser, og hvor man kan l\u00e6se om indberettede tilf\u00e6lde og selv indberette, hvis man skulle komme ud for at f\u00e5 en n\u00e6rd\u00f8dsoplevelse.<\/p>\n<p>[\/et_pb_text][et_pb_button button_url=&#8221;https:\/\/universetspuls.dk\/index.php\/vare\/hvordan-er-det-at-doe\/&#8221; button_text=&#8221;K\u00f8b foredrag&#8221; button_alignment_tablet=&#8221;center&#8221; button_alignment_phone=&#8221;center&#8221; button_alignment_last_edited=&#8221;on|desktop&#8221; _builder_version=&#8221;4.16.0&#8243; _module_preset=&#8221;default&#8221; global_colors_info=&#8221;{}&#8221;][\/et_pb_button][\/et_pb_column][\/et_pb_row][\/et_pb_section][et_pb_section fb_built=&#8221;1&#8243; admin_label=&#8221;Footer&#8221; _builder_version=&#8221;4.16&#8243; _module_preset=&#8221;default&#8221; background_color=&#8221;#313453&#8243; background_enable_image=&#8221;off&#8221; background_size=&#8221;initial&#8221; custom_margin=&#8221;0px||||false|false&#8221; locked=&#8221;off&#8221; global_colors_info=&#8221;{}&#8221; disabled_on=&#8221;on|on|on&#8221; disabled=&#8221;on&#8221;][et_pb_row custom_padding_last_edited=&#8221;on|desktop&#8221; _builder_version=&#8221;4.16&#8243; _module_preset=&#8221;default&#8221; background_color=&#8221;gcid-385bee62-7652-4bac-9f8e-38f21c634ae9&#8243; background_image=&#8221;https:\/\/universetspuls.dk\/wp-content\/uploads\/2022\/03\/astrologist-illustrations-25.png&#8221; transform_scale_last_edited=&#8221;off|desktop&#8221; transform_translate_tablet=&#8221;0px|0px&#8221; transform_translate_last_edited=&#8221;off|desktop&#8221; transform_rotate_last_edited=&#8221;off|desktop&#8221; transform_skew_last_edited=&#8221;off|desktop&#8221; transform_origin_last_edited=&#8221;off|desktop&#8221; transform_styles_last_edited=&#8221;off|desktop&#8221; custom_margin=&#8221;-110px||40px||false|false&#8221; custom_padding=&#8221;120px|40px|120px|40px|true|true&#8221; custom_padding_tablet=&#8221;40px|30px|40px|30px|true|true&#8221; custom_padding_phone=&#8221;70px|20px|70px|20px|true|true&#8221; animation_style=&#8221;zoom&#8221; background_last_edited=&#8221;on|phone&#8221; background_size_tablet=&#8221;cover&#8221; background_size_phone=&#8221;cover&#8221; global_module=&#8221;4115&#8243; saved_tabs=&#8221;all&#8221; global_colors_info=&#8221;{%22gcid-385bee62-7652-4bac-9f8e-38f21c634ae9%22:%91%22background_color%22%93}&#8221;][et_pb_column type=&#8221;4_4&#8243; _builder_version=&#8221;4.16&#8243; _module_preset=&#8221;default&#8221; global_colors_info=&#8221;{}&#8221;][et_pb_text _builder_version=&#8221;4.16&#8243; _module_preset=&#8221;default&#8221; header_2_font=&#8221;Philosopher|700|||||||&#8221; header_2_text_align=&#8221;center&#8221; header_2_text_color=&#8221;#313453&#8243; header_2_font_size=&#8221;54px&#8221; header_3_font=&#8221;Kaushan Script||on||||||&#8221; header_3_text_align=&#8221;center&#8221; header_3_text_color=&#8221;#fe7f5c&#8221; header_3_line_height=&#8221;1.3em&#8221; width=&#8221;70%&#8221; width_tablet=&#8221;80%&#8221; width_phone=&#8221;&#8221; width_last_edited=&#8221;on|phone&#8221; module_alignment=&#8221;center&#8221; header_2_font_size_tablet=&#8221;28px&#8221; header_2_font_size_phone=&#8221;20px&#8221; header_2_font_size_last_edited=&#8221;on|phone&#8221; locked=&#8221;off&#8221; global_colors_info=&#8221;{}&#8221;]<\/p>\n<h3><\/h3>\n<h2>Tilbud!<\/h2>\n<p>[\/et_pb_text][et_pb_text _builder_version=&#8221;4.16&#8243; _module_preset=&#8221;default&#8221; text_font=&#8221;Montserrat||||||||&#8221; text_text_color=&#8221;#FFFFFF&#8221; text_font_size=&#8221;18px&#8221; text_line_height=&#8221;1.8em&#8221; text_orientation=&#8221;center&#8221; width=&#8221;60%&#8221; width_tablet=&#8221;75%&#8221; width_phone=&#8221;100%&#8221; width_last_edited=&#8221;on|phone&#8221; module_alignment=&#8221;center&#8221; text_font_size_tablet=&#8221;15px&#8221; text_font_size_phone=&#8221;14px&#8221; text_font_size_last_edited=&#8221;on|phone&#8221; locked=&#8221;off&#8221; global_colors_info=&#8221;{}&#8221;]<\/p>\n<p>Tilbud indtil 1\/5 2022:\u00a050% p\u00e5 alle priser <br \/>(dvs. priser fra 45 kr. og nedefter)<\/p>\n<p>[\/et_pb_text][et_pb_button button_url=&#8221;@ET-DC@eyJkeW5hbWljIjp0cnVlLCJjb250ZW50IjoicG9zdF9saW5rX3VybF9wYWdlIiwic2V0dGluZ3MiOnsicG9zdF9pZCI6IjM5ODgifX0=@&#8221; button_text=&#8221;Shop&#8221; button_alignment=&#8221;center&#8221; button_alignment_tablet=&#8221;center&#8221; button_alignment_last_edited=&#8221;off|desktop&#8221; _builder_version=&#8221;4.16.0&#8243; _dynamic_attributes=&#8221;button_url&#8221; _module_preset=&#8221;default&#8221; custom_button=&#8221;on&#8221; button_text_size=&#8221;12px&#8221; button_text_color=&#8221;#ffffff&#8221; button_bg_color=&#8221;#fe7f5c&#8221; button_border_width=&#8221;0px&#8221; button_border_radius=&#8221;0px&#8221; button_letter_spacing=&#8221;1px&#8221; button_font=&#8221;Montserrat|600||on|||||&#8221; custom_padding=&#8221;15px|30px|15px|30px|true|true&#8221; locked=&#8221;off&#8221; global_colors_info=&#8221;{}&#8221;][\/et_pb_button][\/et_pb_column][\/et_pb_row][\/et_pb_section]<\/p>\n","protected":false},"excerpt":{"rendered":"<p>Hvordan er det at d\u00f8?(N\u00e6rd\u00f8dsoplevelser)N\u00e6rd\u00f8dsoplevelser er et hyppigt f\u00e6nomen. Rigtig mange mennesker har oplevet det under sygdom, narkose eller voldsomme begivenheder. En Gallup unders\u00f8gelse fra 90\u2019erne viste, at ca. 13 millioner amerikanerne havde haft en n\u00e6rd\u00f8dslignende oplevelse. Det er ca. 5 % af den dav\u00e6rende amerikanske befolkning. Videnskabelige unders\u00f8gelser har vist, at 10 \u2013 20 [&hellip;]<\/p>\n","protected":false},"author":4,"featured_media":0,"parent":3817,"menu_order":0,"comment_status":"closed","ping_status":"closed","template":"","meta":{"_et_pb_use_builder":"on","_et_pb_old_content":"<!-- wp:divi\/placeholder \/-->","_et_gb_content_width":"","footnotes":""},"class_list":["post-3828","page","type-page","status-publish","hentry"],"_links":{"self":[{"href":"https:\/\/universetspuls.dk\/index.php\/wp-json\/wp\/v2\/pages\/3828","targetHints":{"allow":["GET"]}}],"collection":[{"href":"https:\/\/universetspuls.dk\/index.php\/wp-json\/wp\/v2\/pages"}],"about":[{"href":"https:\/\/universetspuls.dk\/index.php\/wp-json\/wp\/v2\/types\/page"}],"author":[{"embeddable":true,"href":"https:\/\/universetspuls.dk\/index.php\/wp-json\/wp\/v2\/users\/4"}],"replies":[{"embeddable":true,"href":"https:\/\/universetspuls.dk\/index.php\/wp-json\/wp\/v2\/comments?post=3828"}],"version-history":[{"count":10,"href":"https:\/\/universetspuls.dk\/index.php\/wp-json\/wp\/v2\/pages\/3828\/revisions"}],"predecessor-version":[{"id":4338,"href":"https:\/\/universetspuls.dk\/index.php\/wp-json\/wp\/v2\/pages\/3828\/revisions\/4338"}],"up":[{"embeddable":true,"href":"https:\/\/universetspuls.dk\/index.php\/wp-json\/wp\/v2\/pages\/3817"}],"wp:attachment":[{"href":"https:\/\/universetspuls.dk\/index.php\/wp-json\/wp\/v2\/media?parent=3828"}],"curies":[{"name":"wp","href":"https:\/\/api.w.org\/{rel}","templated":true}]}}