{"id":3880,"date":"2022-03-31T15:06:06","date_gmt":"2022-03-31T13:06:06","guid":{"rendered":"https:\/\/universetspuls.dk\/?page_id=3880"},"modified":"2022-05-02T10:42:30","modified_gmt":"2022-05-02T08:42:30","slug":"hvad-sker-der-mellem-doed-og-ny-foedsel","status":"publish","type":"page","link":"https:\/\/universetspuls.dk\/index.php\/foredrag\/hvad-sker-der-mellem-doed-og-ny-foedsel\/","title":{"rendered":"Hvad sker der mellem d\u00f8d og ny f\u00f8dsel?"},"content":{"rendered":"<p>[et_pb_section fb_built=&#8221;1&#8243; custom_padding_last_edited=&#8221;on|desktop&#8221; next_background_color=&#8221;#ffffff&#8221; admin_label=&#8221;About&#8221; _builder_version=&#8221;4.16&#8243; _module_preset=&#8221;default&#8221; background_color=&#8221;gcid-d705e4a5-73d4-4d11-8c7b-a5d471a82263&#8243; background_color_gradient_start=&#8221;#f7a355&#8243; background_image=&#8221;https:\/\/universetspuls.dk\/wp-content\/uploads\/2022\/03\/nasa-hI5dX2ObAs-unsplash.jpg&#8221; background_size=&#8221;initial&#8221; custom_margin=&#8221;0px||||false|false&#8221; custom_padding=&#8221;60px||||false|false&#8221; custom_padding_tablet=&#8221;60px||||false|false&#8221; custom_padding_phone=&#8221;60px||||false|false&#8221; bottom_divider_style=&#8221;ramp2&#8243; bottom_divider_flip=&#8221;horizontal&#8221; background_last_edited=&#8221;on|desktop&#8221; background_enable_mask_style_tablet=&#8221;off&#8221; background_enable_mask_style_phone=&#8221;off&#8221; background_mask_transform_tablet=&#8221;invert|flip_horizontal&#8221; background_mask_transform_phone=&#8221;invert|flip_horizontal&#8221; background_mask_size_tablet=&#8221;contain&#8221; background_mask_size_phone=&#8221;contain&#8221; background_mask_width_phone=&#8221;100%&#8221; background_mask_height_phone=&#8221;20%&#8221; background_mask_position_tablet=&#8221;top_left&#8221; global_colors_info=&#8221;{%22gcid-d705e4a5-73d4-4d11-8c7b-a5d471a82263%22:%91%22background_color%22%93}&#8221;][et_pb_row custom_padding_last_edited=&#8221;on|phone&#8221; _builder_version=&#8221;4.16&#8243; _module_preset=&#8221;default&#8221; background_enable_color=&#8221;off&#8221; z_index=&#8221;10&#8243; max_width=&#8221;1280px&#8221; custom_padding=&#8221;100px|60px|80px|60px|false|true&#8221; custom_padding_tablet=&#8221;60px|30px|60px|30px|true|true&#8221; custom_padding_phone=&#8221;|0px||0px|false|true&#8221; locked=&#8221;off&#8221; global_colors_info=&#8221;{%22gcid-d705e4a5-73d4-4d11-8c7b-a5d471a82263%22:%91%22background_mask_color%22%93}&#8221;][et_pb_column type=&#8221;4_4&#8243; saved_specialty_column_type=&#8221;3_4&#8243; _builder_version=&#8221;4.16&#8243; _module_preset=&#8221;default&#8221; global_colors_info=&#8221;{}&#8221;][et_pb_text _builder_version=&#8221;4.16.0&#8243; _module_preset=&#8221;default&#8221; header_font=&#8221;Philosopher|700|||||||&#8221; header_text_color=&#8221;#FFFFFF&#8221; header_font_size=&#8221;76px&#8221; header_2_font=&#8221;Philosopher|700|||||||&#8221; header_2_text_align=&#8221;center&#8221; header_2_text_color=&#8221;#FFFFFF&#8221; header_2_font_size=&#8221;60px&#8221; header_2_line_height=&#8221;1.3em&#8221; width_tablet=&#8221;80%&#8221; width_phone=&#8221;100%&#8221; width_last_edited=&#8221;off|desktop&#8221; custom_padding=&#8221;||0px||false|false&#8221; animation_style=&#8221;fade&#8221; animation_direction=&#8221;bottom&#8221; header_font_size_tablet=&#8221;56px&#8221; header_font_size_phone=&#8221;58px&#8221; header_font_size_last_edited=&#8221;on|desktop&#8221; header_2_font_size_tablet=&#8221;48px&#8221; header_2_font_size_phone=&#8221;30px&#8221; header_2_font_size_last_edited=&#8221;on|desktop&#8221; header_text_shadow_style=&#8221;preset1&#8243; header_2_text_shadow_style=&#8221;preset3&#8243; locked=&#8221;off&#8221; global_colors_info=&#8221;{}&#8221;]<\/p>\n<h1 class=\"av-special-heading-tag \" itemprop=\"headline\" style=\"text-align: left;\">Hvad sker der mellem d\u00f8d og ny f\u00f8dsel?<\/h1>\n<p>[\/et_pb_text][et_pb_text _builder_version=&#8221;4.16.0&#8243; _module_preset=&#8221;default&#8221; header_2_font=&#8221;Philosopher||||||||&#8221; header_2_text_color=&#8221;#FFFFFF&#8221; header_2_font_size=&#8221;46px&#8221; custom_padding=&#8221;||50px||false|false&#8221; animation_style=&#8221;fade&#8221; header_2_font_size_tablet=&#8221;40px&#8221; header_2_font_size_phone=&#8221;30px&#8221; header_2_font_size_last_edited=&#8221;on|phone&#8221; header_2_text_shadow_style=&#8221;preset3&#8243; global_colors_info=&#8221;{}&#8221;]<\/p>\n<h2>(Livet mellem livene)<\/h2>\n<p>[\/et_pb_text][\/et_pb_column][\/et_pb_row][\/et_pb_section][et_pb_section fb_built=&#8221;1&#8243; _builder_version=&#8221;4.16&#8243; _module_preset=&#8221;default&#8221; custom_padding=&#8221;3px||4px|||&#8221; global_colors_info=&#8221;{}&#8221;][et_pb_row _builder_version=&#8221;4.16&#8243; _module_preset=&#8221;default&#8221; custom_margin=&#8221;68px|auto||auto||&#8221; global_colors_info=&#8221;{}&#8221;][et_pb_column type=&#8221;4_4&#8243; _builder_version=&#8221;4.16&#8243; _module_preset=&#8221;default&#8221; global_colors_info=&#8221;{}&#8221;][et_pb_image src=&#8221;https:\/\/universetspuls.dk\/wp-content\/uploads\/2022\/01\/HSDMD1-300&#215;225.jpg&#8221; title_text=&#8221;Hvad sker der mellem d\u00f8d og ny f\u00f8dsel?&#8221; _builder_version=&#8221;4.16.0&#8243; _module_preset=&#8221;default&#8221; custom_margin=&#8221;-200px||||false|false&#8221; animation_style=&#8221;fade&#8221; box_shadow_style=&#8221;preset1&#8243; global_colors_info=&#8221;{}&#8221;][\/et_pb_image][\/et_pb_column][\/et_pb_row][\/et_pb_section][et_pb_section fb_built=&#8221;1&#8243; _builder_version=&#8221;4.16&#8243; _module_preset=&#8221;default&#8221; background_enable_image=&#8221;off&#8221; custom_padding=&#8221;3px|||||&#8221; global_colors_info=&#8221;{}&#8221;][et_pb_row custom_padding_last_edited=&#8221;on|phone&#8221; _builder_version=&#8221;4.16&#8243; _module_preset=&#8221;default&#8221; custom_margin=&#8221;0%|auto|0%|auto|true|false&#8221; custom_padding=&#8221;60px||130px||false|false&#8221; custom_padding_tablet=&#8221;40px||||false|false&#8221; custom_padding_phone=&#8221;40px||||false|false&#8221; global_colors_info=&#8221;{}&#8221;][et_pb_column type=&#8221;4_4&#8243; _builder_version=&#8221;4.16&#8243; _module_preset=&#8221;default&#8221; global_colors_info=&#8221;{}&#8221;][et_pb_text _builder_version=&#8221;4.16.0&#8243; _module_preset=&#8221;default&#8221; text_text_color=&#8221;#000000&#8243; text_font_size=&#8221;18px&#8221; text_line_height=&#8221;1.8em&#8221; animation_style=&#8221;fade&#8221; animation_duration=&#8221;1050ms&#8221; text_font_size_tablet=&#8221;18px&#8221; text_font_size_phone=&#8221;16px&#8221; text_font_size_last_edited=&#8221;on|phone&#8221; global_colors_info=&#8221;{}&#8221;]<\/p>\n<p>Hvad sker der mellem d\u00f8d og ny f\u00f8dsel? Sker der mon noget? N\u00e5r man er d\u00f8d, er man vel bare v\u00e6k. Mange mennesker er bange for at d\u00f8, for hvad sker der mon?<\/p>\n<p>I foredraget fort\u00e6lles om, hvad sj\u00e6len kommer ud for efter d\u00f8den. Foredraget bygger meget p\u00e5 hypnoseklienters beskrivelse af, hvad de oplevede, inden de blev f\u00f8dt. Der er hundredvis af dens slags beskrivelser, og de er meget enslydende, s\u00e5 man kan danne sig et ret godt billede af livet efter d\u00f8den p\u00e5 denne m\u00e5de. Pioneren inden for dette omr\u00e5de, Michael Newton, har skrevet flere b\u00f8ger om dette emne. Yderligere kan der hentes beskrivelser fra spiritismen, teosofien, antroposofien og Martinus\u2019 l\u00e6re, der ogs\u00e5 fort\u00e6ller om livet efter d\u00f8den.<\/p>\n<p>Kort fortalt bevares bevidstheden fuldst\u00e6ndig intakt efter d\u00f8den. Sj\u00e6len lever videre, gennemlever de typiske n\u00e6rd\u00f8dsoplevelser, overtr\u00e6der \u201cthe point of no return\u201d og m\u00f8der afd\u00f8de sl\u00e6gtninge og venner. Herefter begynder livet mellem livene, som beskrevet i foredraget.<\/p>\n<p>[\/et_pb_text][et_pb_button button_url=&#8221;https:\/\/universetspuls.dk\/index.php\/vare\/hvad-sker-der-mellem-doed-og-ny-foedsel\/&#8221; button_text=&#8221;K\u00f8b foredrag&#8221; button_alignment_tablet=&#8221;center&#8221; button_alignment_phone=&#8221;center&#8221; button_alignment_last_edited=&#8221;on|desktop&#8221; _builder_version=&#8221;4.16.0&#8243; _module_preset=&#8221;default&#8221; global_colors_info=&#8221;{}&#8221;][\/et_pb_button][\/et_pb_column][\/et_pb_row][\/et_pb_section][et_pb_section fb_built=&#8221;1&#8243; admin_label=&#8221;Footer&#8221; _builder_version=&#8221;4.16&#8243; _module_preset=&#8221;default&#8221; background_color=&#8221;#313453&#8243; background_enable_image=&#8221;off&#8221; background_size=&#8221;initial&#8221; custom_margin=&#8221;0px||||false|false&#8221; locked=&#8221;off&#8221; global_colors_info=&#8221;{}&#8221; disabled_on=&#8221;on|on|on&#8221; disabled=&#8221;on&#8221;][et_pb_row custom_padding_last_edited=&#8221;on|desktop&#8221; _builder_version=&#8221;4.16&#8243; _module_preset=&#8221;default&#8221; background_color=&#8221;gcid-385bee62-7652-4bac-9f8e-38f21c634ae9&#8243; background_image=&#8221;https:\/\/universetspuls.dk\/wp-content\/uploads\/2022\/03\/astrologist-illustrations-25.png&#8221; transform_scale_last_edited=&#8221;off|desktop&#8221; transform_translate_tablet=&#8221;0px|0px&#8221; transform_translate_last_edited=&#8221;off|desktop&#8221; transform_rotate_last_edited=&#8221;off|desktop&#8221; transform_skew_last_edited=&#8221;off|desktop&#8221; transform_origin_last_edited=&#8221;off|desktop&#8221; transform_styles_last_edited=&#8221;off|desktop&#8221; custom_margin=&#8221;-110px||40px||false|false&#8221; custom_padding=&#8221;120px|40px|120px|40px|true|true&#8221; custom_padding_tablet=&#8221;40px|30px|40px|30px|true|true&#8221; custom_padding_phone=&#8221;70px|20px|70px|20px|true|true&#8221; animation_style=&#8221;zoom&#8221; background_last_edited=&#8221;on|phone&#8221; background_size_tablet=&#8221;cover&#8221; background_size_phone=&#8221;cover&#8221; global_module=&#8221;4115&#8243; saved_tabs=&#8221;all&#8221; global_colors_info=&#8221;{%22gcid-385bee62-7652-4bac-9f8e-38f21c634ae9%22:%91%22background_color%22%93}&#8221;][et_pb_column type=&#8221;4_4&#8243; _builder_version=&#8221;4.16&#8243; _module_preset=&#8221;default&#8221; global_colors_info=&#8221;{}&#8221;][et_pb_text _builder_version=&#8221;4.16&#8243; _module_preset=&#8221;default&#8221; header_2_font=&#8221;Philosopher|700|||||||&#8221; header_2_text_align=&#8221;center&#8221; header_2_text_color=&#8221;#313453&#8243; header_2_font_size=&#8221;54px&#8221; header_3_font=&#8221;Kaushan Script||on||||||&#8221; header_3_text_align=&#8221;center&#8221; header_3_text_color=&#8221;#fe7f5c&#8221; header_3_line_height=&#8221;1.3em&#8221; width=&#8221;70%&#8221; width_tablet=&#8221;80%&#8221; width_phone=&#8221;&#8221; width_last_edited=&#8221;on|phone&#8221; module_alignment=&#8221;center&#8221; header_2_font_size_tablet=&#8221;28px&#8221; header_2_font_size_phone=&#8221;20px&#8221; header_2_font_size_last_edited=&#8221;on|phone&#8221; locked=&#8221;off&#8221; global_colors_info=&#8221;{}&#8221;]<\/p>\n<h3><\/h3>\n<h2>Tilbud!<\/h2>\n<p>[\/et_pb_text][et_pb_text _builder_version=&#8221;4.16&#8243; _module_preset=&#8221;default&#8221; text_font=&#8221;Montserrat||||||||&#8221; text_text_color=&#8221;#FFFFFF&#8221; text_font_size=&#8221;18px&#8221; text_line_height=&#8221;1.8em&#8221; text_orientation=&#8221;center&#8221; width=&#8221;60%&#8221; width_tablet=&#8221;75%&#8221; width_phone=&#8221;100%&#8221; width_last_edited=&#8221;on|phone&#8221; module_alignment=&#8221;center&#8221; text_font_size_tablet=&#8221;15px&#8221; text_font_size_phone=&#8221;14px&#8221; text_font_size_last_edited=&#8221;on|phone&#8221; locked=&#8221;off&#8221; global_colors_info=&#8221;{}&#8221;]<\/p>\n<p>Tilbud indtil 1\/5 2022:\u00a050% p\u00e5 alle priser <br \/>(dvs. priser fra 45 kr. og nedefter)<\/p>\n<p>[\/et_pb_text][et_pb_button button_url=&#8221;@ET-DC@eyJkeW5hbWljIjp0cnVlLCJjb250ZW50IjoicG9zdF9saW5rX3VybF9wYWdlIiwic2V0dGluZ3MiOnsicG9zdF9pZCI6IjM5ODgifX0=@&#8221; button_text=&#8221;Shop&#8221; button_alignment=&#8221;center&#8221; button_alignment_tablet=&#8221;center&#8221; button_alignment_last_edited=&#8221;off|desktop&#8221; _builder_version=&#8221;4.16.0&#8243; _dynamic_attributes=&#8221;button_url&#8221; _module_preset=&#8221;default&#8221; custom_button=&#8221;on&#8221; button_text_size=&#8221;12px&#8221; button_text_color=&#8221;#ffffff&#8221; button_bg_color=&#8221;#fe7f5c&#8221; button_border_width=&#8221;0px&#8221; button_border_radius=&#8221;0px&#8221; button_letter_spacing=&#8221;1px&#8221; button_font=&#8221;Montserrat|600||on|||||&#8221; custom_padding=&#8221;15px|30px|15px|30px|true|true&#8221; locked=&#8221;off&#8221; global_colors_info=&#8221;{}&#8221;][\/et_pb_button][\/et_pb_column][\/et_pb_row][\/et_pb_section]<\/p>\n","protected":false},"excerpt":{"rendered":"<p>Hvad sker der mellem d\u00f8d og ny f\u00f8dsel?(Livet mellem livene)Hvad sker der mellem d\u00f8d og ny f\u00f8dsel? Sker der mon noget? N\u00e5r man er d\u00f8d, er man vel bare v\u00e6k. Mange mennesker er bange for at d\u00f8, for hvad sker der mon? I foredraget fort\u00e6lles om, hvad sj\u00e6len kommer ud for efter d\u00f8den. Foredraget bygger [&hellip;]<\/p>\n","protected":false},"author":4,"featured_media":0,"parent":3817,"menu_order":0,"comment_status":"closed","ping_status":"closed","template":"","meta":{"_et_pb_use_builder":"on","_et_pb_old_content":"","_et_gb_content_width":"","footnotes":""},"class_list":["post-3880","page","type-page","status-publish","hentry"],"_links":{"self":[{"href":"https:\/\/universetspuls.dk\/index.php\/wp-json\/wp\/v2\/pages\/3880","targetHints":{"allow":["GET"]}}],"collection":[{"href":"https:\/\/universetspuls.dk\/index.php\/wp-json\/wp\/v2\/pages"}],"about":[{"href":"https:\/\/universetspuls.dk\/index.php\/wp-json\/wp\/v2\/types\/page"}],"author":[{"embeddable":true,"href":"https:\/\/universetspuls.dk\/index.php\/wp-json\/wp\/v2\/users\/4"}],"replies":[{"embeddable":true,"href":"https:\/\/universetspuls.dk\/index.php\/wp-json\/wp\/v2\/comments?post=3880"}],"version-history":[{"count":9,"href":"https:\/\/universetspuls.dk\/index.php\/wp-json\/wp\/v2\/pages\/3880\/revisions"}],"predecessor-version":[{"id":4339,"href":"https:\/\/universetspuls.dk\/index.php\/wp-json\/wp\/v2\/pages\/3880\/revisions\/4339"}],"up":[{"embeddable":true,"href":"https:\/\/universetspuls.dk\/index.php\/wp-json\/wp\/v2\/pages\/3817"}],"wp:attachment":[{"href":"https:\/\/universetspuls.dk\/index.php\/wp-json\/wp\/v2\/media?parent=3880"}],"curies":[{"name":"wp","href":"https:\/\/api.w.org\/{rel}","templated":true}]}}