{"id":4131,"date":"2022-04-02T17:04:53","date_gmt":"2022-04-02T15:04:53","guid":{"rendered":"https:\/\/universetspuls.dk\/?page_id=4131"},"modified":"2022-04-02T17:04:53","modified_gmt":"2022-04-02T15:04:53","slug":"vilkaar-og-betingelser","status":"publish","type":"page","link":"https:\/\/universetspuls.dk\/index.php\/vilkaar-og-betingelser\/","title":{"rendered":"Vilk\u00e5r og betingelser"},"content":{"rendered":"<p>[et_pb_section fb_built=&#8221;1&#8243; _builder_version=&#8221;4.16.0&#8243; _module_preset=&#8221;default&#8221; background_color=&#8221;#000000&#8243; background_image=&#8221;https:\/\/universetspuls.dk\/wp-content\/uploads\/2022\/03\/greg-rakozy-oMpAz-DN-9I-unsplash.jpg&#8221; background_size=&#8221;contain&#8221; background_position=&#8221;top_right&#8221; hover_enabled=&#8221;0&#8243; global_colors_info=&#8221;{}&#8221; theme_builder_area=&#8221;post_content&#8221; sticky_enabled=&#8221;0&#8243;][et_pb_row _builder_version=&#8221;4.16.0&#8243; _module_preset=&#8221;default&#8221; global_colors_info=&#8221;{}&#8221; theme_builder_area=&#8221;post_content&#8221;][et_pb_column type=&#8221;4_4&#8243; _builder_version=&#8221;4.16.0&#8243; _module_preset=&#8221;default&#8221; global_colors_info=&#8221;{}&#8221; theme_builder_area=&#8221;post_content&#8221;][et_pb_text _builder_version=&#8221;4.16.0&#8243; _module_preset=&#8221;default&#8221; header_font=&#8221;Philosopher|700|||||||&#8221; custom_padding=&#8221;15px|||||&#8221; hover_enabled=&#8221;0&#8243; global_colors_info=&#8221;{}&#8221; theme_builder_area=&#8221;post_content&#8221; header_font_size=&#8221;40px&#8221; header_font_size_last_edited=&#8221;on|phone&#8221; sticky_enabled=&#8221;0&#8243; header_font_size_phone=&#8221;34px&#8221; header_font_size_tablet=&#8221;40px&#8221;]<\/p>\n<h1><span style=\"color: #ffffff;\"><strong>Universets Puls<\/strong><\/span><\/h1>\n<p>[\/et_pb_text][\/et_pb_column][\/et_pb_row][\/et_pb_section][et_pb_section fb_built=&#8221;1&#8243; _builder_version=&#8221;4.16.0&#8243; _module_preset=&#8221;default&#8221; background_color=&#8221;#3A5C5E&#8221; background_size=&#8221;contain&#8221; background_position=&#8221;top_right&#8221; hover_enabled=&#8221;0&#8243; global_colors_info=&#8221;{}&#8221; theme_builder_area=&#8221;post_content&#8221; sticky_enabled=&#8221;0&#8243; background_enable_image=&#8221;off&#8221; custom_padding=&#8221;10px||10px||true|false&#8221;][et_pb_row _builder_version=&#8221;4.16.0&#8243; _module_preset=&#8221;default&#8221; global_colors_info=&#8221;{}&#8221; theme_builder_area=&#8221;post_content&#8221; custom_padding=&#8221;||0px|||&#8221;][et_pb_column type=&#8221;4_4&#8243; _builder_version=&#8221;4.16.0&#8243; _module_preset=&#8221;default&#8221; global_colors_info=&#8221;{}&#8221; theme_builder_area=&#8221;post_content&#8221;][et_pb_text _builder_version=&#8221;4.16.0&#8243; _module_preset=&#8221;default&#8221; header_2_font=&#8221;|700|||||||&#8221; header_2_text_color=&#8221;#313453&#8243; header_2_font_size=&#8221;40px&#8221; hover_enabled=&#8221;0&#8243; header_2_font_size_tablet=&#8221;40px&#8221; header_2_font_size_phone=&#8221;30px&#8221; header_2_font_size_last_edited=&#8221;on|desktop&#8221; global_colors_info=&#8221;{}&#8221; theme_builder_area=&#8221;post_content&#8221; header_3_text_color=&#8221;#FFFFFF&#8221; header_3_font=&#8221;|700|||||||&#8221; sticky_enabled=&#8221;0&#8243; custom_margin=&#8221;||11px|||&#8221;]<\/p>\n<h3>Handelsbetingelser<\/h3>\n<h3>Handelsbetingelser og abonnementsbetingelser<\/h3>\n<p>[\/et_pb_text][\/et_pb_column][\/et_pb_row][\/et_pb_section][et_pb_section fb_built=&#8221;1&#8243; _builder_version=&#8221;4.16.0&#8243; _module_preset=&#8221;default&#8221; custom_padding=&#8221;||150px|||&#8221; global_colors_info=&#8221;{}&#8221; theme_builder_area=&#8221;post_content&#8221;][et_pb_row _builder_version=&#8221;4.16.0&#8243; _module_preset=&#8221;default&#8221; global_colors_info=&#8221;{}&#8221; theme_builder_area=&#8221;post_content&#8221;][et_pb_column type=&#8221;4_4&#8243; _builder_version=&#8221;4.16.0&#8243; _module_preset=&#8221;default&#8221; global_colors_info=&#8221;{}&#8221; theme_builder_area=&#8221;post_content&#8221;][et_pb_text _builder_version=&#8221;4.16.0&#8243; _module_preset=&#8221;default&#8221; theme_builder_area=&#8221;post_content&#8221; text_font_size=&#8221;16px&#8221; hover_enabled=&#8221;0&#8243; sticky_enabled=&#8221;0&#8243;]<\/p>\n<p>Produkter og tjenester udbydes af:<\/p>\n<p>Universets Puls<br \/>Klintedalsvej 20<\/p>\n<p>4400 Kalundborg<\/p>\n<p>Kontakt mig p\u00e5\u00a0<a href=\"mailto:kontakt@universetspuls.dk\">kontakt@universetspuls.dk<\/a><\/p>\n<p>Produkterne bliver leveret digitalt via e-mail eller downloads, som foredrag, lydfiler eller pdf-filer.<\/p>\n<p>Produkter kan k\u00f8bes med b\u00e5de VISA og Mastercard.<\/p>\n<p>Alle priser er i danske kroner.<\/p>\n<p>Levering sker som oftest i l\u00f8bet af f\u00e5 minutter, men i helt s\u00e6rlige tilf\u00e6lde kan der g\u00e5 op til 5 hverdage.<\/p>\n<p>Der er 14 dages returret. Hvis du fortryder dit k\u00f8b inden 14 dage, s\u00e5 kontakt os p\u00e5\u00a0\u00a0<a href=\"mailto:kontakt@universetspuls.dk\">kontakt@universetspuls.dk<\/a>\u00a0og du vil f\u00e5 alle pengene tilbage.<\/p>\n<p>Alle rettigheder til de digitale produkter tilh\u00f8rer Universets Puls.<\/p>\n<p>Ved k\u00f8b opn\u00e5s udelukkende licens til at benytte det k\u00f8bte produkt, som angivet under det p\u00e5g\u00e6ldende produkt.<\/p>\n<p>Dine data bruges kun af Universets Puls p\u00e5 f\u00f8lgende m\u00e5de:<\/p>\n<ul>\n<li>Din mail bruges kun til at fremsende dig e-mails, du selv har \u00f8nsket at modtage ved at skrive dig op,<\/li>\n<li>Til at give dig adgang til produkter p\u00e5 Universets Puls hjemmeside,<\/li>\n<li>Til at fremsende faktura for dine k\u00f8b.<\/li>\n<\/ul>\n<p>Unversets Puls vil aldrig videreformidle dine oplysninger.<\/p>\n<p>Du kan til enhver til afmelde dig mailing listen via linket, der er tilg\u00e6ngeligt p\u00e5 alle e-mails.<\/p>\n<p>Vil du slettes helt fra systemet, skal du henvende dig p\u00e5 mail\u00a0til \u00a0<a href=\"mailto:kontakt@universetspuls.dk\">kontakt@universetspuls.dk<\/a><\/p>\n<p>Vil du se privatlivspolitik, s\u00e5 klik p\u00e5 menupunktet nedenunder.<\/p>\n<p>[\/et_pb_text][\/et_pb_column][\/et_pb_row][\/et_pb_section]<\/p>\n","protected":false},"excerpt":{"rendered":"<p>Universets PulsHandelsbetingelser Handelsbetingelser og abonnementsbetingelserProdukter og tjenester udbydes af: Universets PulsKlintedalsvej 20 4400 Kalundborg Kontakt mig p\u00e5\u00a0kontakt@universetspuls.dk Produkterne bliver leveret digitalt via e-mail eller downloads, som foredrag, lydfiler eller pdf-filer. Produkter kan k\u00f8bes med b\u00e5de VISA og Mastercard. Alle priser er i danske kroner. Levering sker som oftest i l\u00f8bet af f\u00e5 minutter, men i [&hellip;]<\/p>\n","protected":false},"author":4,"featured_media":0,"parent":0,"menu_order":0,"comment_status":"closed","ping_status":"closed","template":"","meta":{"_et_pb_use_builder":"on","_et_pb_old_content":"","_et_gb_content_width":"","footnotes":""},"class_list":["post-4131","page","type-page","status-publish","hentry"],"_links":{"self":[{"href":"https:\/\/universetspuls.dk\/index.php\/wp-json\/wp\/v2\/pages\/4131","targetHints":{"allow":["GET"]}}],"collection":[{"href":"https:\/\/universetspuls.dk\/index.php\/wp-json\/wp\/v2\/pages"}],"about":[{"href":"https:\/\/universetspuls.dk\/index.php\/wp-json\/wp\/v2\/types\/page"}],"author":[{"embeddable":true,"href":"https:\/\/universetspuls.dk\/index.php\/wp-json\/wp\/v2\/users\/4"}],"replies":[{"embeddable":true,"href":"https:\/\/universetspuls.dk\/index.php\/wp-json\/wp\/v2\/comments?post=4131"}],"version-history":[{"count":2,"href":"https:\/\/universetspuls.dk\/index.php\/wp-json\/wp\/v2\/pages\/4131\/revisions"}],"predecessor-version":[{"id":4134,"href":"https:\/\/universetspuls.dk\/index.php\/wp-json\/wp\/v2\/pages\/4131\/revisions\/4134"}],"wp:attachment":[{"href":"https:\/\/universetspuls.dk\/index.php\/wp-json\/wp\/v2\/media?parent=4131"}],"curies":[{"name":"wp","href":"https:\/\/api.w.org\/{rel}","templated":true}]}}