{"id":4135,"date":"2022-04-02T17:08:45","date_gmt":"2022-04-02T15:08:45","guid":{"rendered":"https:\/\/universetspuls.dk\/?page_id=4135"},"modified":"2022-04-02T17:08:45","modified_gmt":"2022-04-02T15:08:45","slug":"privatlivspolitik","status":"publish","type":"page","link":"https:\/\/universetspuls.dk\/index.php\/privatlivspolitik\/","title":{"rendered":"Privatlivspolitik"},"content":{"rendered":"<p>[et_pb_section fb_built=&#8221;1&#8243; _builder_version=&#8221;4.16.0&#8243; _module_preset=&#8221;default&#8221; background_color=&#8221;#000000&#8243; background_image=&#8221;https:\/\/universetspuls.dk\/wp-content\/uploads\/2022\/03\/greg-rakozy-oMpAz-DN-9I-unsplash.jpg&#8221; background_size=&#8221;contain&#8221; background_position=&#8221;top_right&#8221; global_colors_info=&#8221;{}&#8221; theme_builder_area=&#8221;post_content&#8221;][et_pb_row _builder_version=&#8221;4.16.0&#8243; _module_preset=&#8221;default&#8221; global_colors_info=&#8221;{}&#8221; theme_builder_area=&#8221;post_content&#8221;][et_pb_column type=&#8221;4_4&#8243; _builder_version=&#8221;4.16.0&#8243; _module_preset=&#8221;default&#8221; global_colors_info=&#8221;{}&#8221; theme_builder_area=&#8221;post_content&#8221;][et_pb_text _builder_version=&#8221;4.16.0&#8243; _module_preset=&#8221;default&#8221; header_font=&#8221;Philosopher|700|||||||&#8221; header_font_size=&#8221;40px&#8221; custom_padding=&#8221;15px|||||&#8221; header_font_size_tablet=&#8221;40px&#8221; header_font_size_phone=&#8221;34px&#8221; header_font_size_last_edited=&#8221;on|phone&#8221; global_colors_info=&#8221;{}&#8221; theme_builder_area=&#8221;post_content&#8221;]<\/p>\n<h1><span style=\"color: #ffffff;\"><strong>Universets Puls<\/strong><\/span><\/h1>\n<p>[\/et_pb_text][\/et_pb_column][\/et_pb_row][\/et_pb_section][et_pb_section fb_built=&#8221;1&#8243; _builder_version=&#8221;4.16.0&#8243; _module_preset=&#8221;default&#8221; background_color=&#8221;#3A5C5E&#8221; background_enable_image=&#8221;off&#8221; background_size=&#8221;contain&#8221; background_position=&#8221;top_right&#8221; custom_padding=&#8221;10px||10px||true|false&#8221; global_colors_info=&#8221;{}&#8221; theme_builder_area=&#8221;post_content&#8221;][et_pb_row _builder_version=&#8221;4.16.0&#8243; _module_preset=&#8221;default&#8221; custom_padding=&#8221;||0px|||&#8221; global_colors_info=&#8221;{}&#8221; theme_builder_area=&#8221;post_content&#8221;][et_pb_column type=&#8221;4_4&#8243; _builder_version=&#8221;4.16.0&#8243; _module_preset=&#8221;default&#8221; global_colors_info=&#8221;{}&#8221; theme_builder_area=&#8221;post_content&#8221;][et_pb_text _builder_version=&#8221;4.16.0&#8243; _module_preset=&#8221;default&#8221; header_2_font=&#8221;|700|||||||&#8221; header_2_text_color=&#8221;#313453&#8243; header_2_font_size=&#8221;40px&#8221; header_3_font=&#8221;|700|||||||&#8221; header_3_text_color=&#8221;#FFFFFF&#8221; custom_margin=&#8221;||11px|||&#8221; header_2_font_size_tablet=&#8221;40px&#8221; header_2_font_size_phone=&#8221;30px&#8221; header_2_font_size_last_edited=&#8221;on|desktop&#8221; global_colors_info=&#8221;{}&#8221; theme_builder_area=&#8221;post_content&#8221;]<\/p>\n<h3><strong>Privatlivspolitik<\/strong><\/h3>\n<p>[\/et_pb_text][\/et_pb_column][\/et_pb_row][\/et_pb_section][et_pb_section fb_built=&#8221;1&#8243; _builder_version=&#8221;4.16.0&#8243; _module_preset=&#8221;default&#8221; custom_padding=&#8221;||150px|||&#8221; global_colors_info=&#8221;{}&#8221; theme_builder_area=&#8221;post_content&#8221;][et_pb_row _builder_version=&#8221;4.16.0&#8243; _module_preset=&#8221;default&#8221; global_colors_info=&#8221;{}&#8221; theme_builder_area=&#8221;post_content&#8221;][et_pb_column type=&#8221;4_4&#8243; _builder_version=&#8221;4.16.0&#8243; _module_preset=&#8221;default&#8221; global_colors_info=&#8221;{}&#8221; theme_builder_area=&#8221;post_content&#8221;][et_pb_text _builder_version=&#8221;4.16.0&#8243; _module_preset=&#8221;default&#8221; text_font_size=&#8221;16px&#8221; hover_enabled=&#8221;0&#8243; global_colors_info=&#8221;{}&#8221; theme_builder_area=&#8221;post_content&#8221; ul_font_size=&#8221;16px&#8221; sticky_enabled=&#8221;0&#8243;]<\/p>\n<p>Kunde- &amp; Privatlivspolitik<\/p>\n<p>Vi videres\u00e6lger ikke personlige oplysninger og videregiver ikke dine personlige oplysninger til andre. De er kun registreret i vores kundekartotek. Du kan til enhver tid f\u00e5 slettet dine oplysninger.<\/p>\n<p>For at du kan indg\u00e5 aftale med Universets Puls, har vi brug for f\u00f8lgende oplysninger:<\/p>\n<p>. Navn<br \/>. Adresse<br \/>. Telefonnummer<br \/>. E-mail adresse<\/p>\n<p>Vi foretager registreringen af dine personoplysninger med det form\u00e5l at kunne levere varen til dig.<\/p>\n<p>Personoplysningerne registreres hos Universets Puls og opbevares i op til fem \u00e5r, hvorefter oplysningerne slettes.<\/p>\n<p>N\u00e5r der indsamles personoplysninger via vores hjemmeside, sikrer vi, at det altid sker ved afgivelse af dit udtrykkelige samtykke, s\u00e5ledes at du er informeret om pr\u00e6cis, hvilke oplysninger der indsamles og hvorfor.<\/p>\n<p>Universets Puls har adgang til de oplysninger, der registreres om dig.<\/p>\n<p>Vi opbevarer og transmitterer ikke kundeoplysninger krypteret.<\/p>\n<p>Som registreret hos Universets Puls har du altid ret til at g\u00f8re indsigelse mod registreringen. Du har ogs\u00e5 ret til indsigt i, hvilke oplysninger, der er registreret om dig. Disse rettigheder har du efter Persondataloven og henvendelse i forbindelse hermed rettes til kontakt@universetspuls.dk.<\/p>\n<p>Forbrugerbeskyttelse<br \/>L\u00e6s mere om din beskyttelse som forbruger n\u00e5r du k\u00f8ber via en PayPal betalingsl\u00f8sning:<br \/><a href=\"https:\/\/www.paypal.com\/dk\/\">www.paypal.com\/dk\/<\/a><\/p>\n<p>[\/et_pb_text][\/et_pb_column][\/et_pb_row][\/et_pb_section]<\/p>\n","protected":false},"excerpt":{"rendered":"<p>Universets PulsPrivatlivspolitikKunde- &amp; Privatlivspolitik Vi videres\u00e6lger ikke personlige oplysninger og videregiver ikke dine personlige oplysninger til andre. De er kun registreret i vores kundekartotek. Du kan til enhver tid f\u00e5 slettet dine oplysninger. For at du kan indg\u00e5 aftale med Universets Puls, har vi brug for f\u00f8lgende oplysninger: . Navn. Adresse. Telefonnummer. E-mail adresse Vi [&hellip;]<\/p>\n","protected":false},"author":4,"featured_media":0,"parent":0,"menu_order":0,"comment_status":"closed","ping_status":"closed","template":"","meta":{"_et_pb_use_builder":"on","_et_pb_old_content":"","_et_gb_content_width":"","footnotes":""},"class_list":["post-4135","page","type-page","status-publish","hentry"],"_links":{"self":[{"href":"https:\/\/universetspuls.dk\/index.php\/wp-json\/wp\/v2\/pages\/4135","targetHints":{"allow":["GET"]}}],"collection":[{"href":"https:\/\/universetspuls.dk\/index.php\/wp-json\/wp\/v2\/pages"}],"about":[{"href":"https:\/\/universetspuls.dk\/index.php\/wp-json\/wp\/v2\/types\/page"}],"author":[{"embeddable":true,"href":"https:\/\/universetspuls.dk\/index.php\/wp-json\/wp\/v2\/users\/4"}],"replies":[{"embeddable":true,"href":"https:\/\/universetspuls.dk\/index.php\/wp-json\/wp\/v2\/comments?post=4135"}],"version-history":[{"count":3,"href":"https:\/\/universetspuls.dk\/index.php\/wp-json\/wp\/v2\/pages\/4135\/revisions"}],"predecessor-version":[{"id":4139,"href":"https:\/\/universetspuls.dk\/index.php\/wp-json\/wp\/v2\/pages\/4135\/revisions\/4139"}],"wp:attachment":[{"href":"https:\/\/universetspuls.dk\/index.php\/wp-json\/wp\/v2\/media?parent=4135"}],"curies":[{"name":"wp","href":"https:\/\/api.w.org\/{rel}","templated":true}]}}