{"id":4505,"date":"2023-01-13T16:42:47","date_gmt":"2023-01-13T15:42:47","guid":{"rendered":"https:\/\/universetspuls.dk\/?page_id=4505"},"modified":"2023-01-13T18:30:18","modified_gmt":"2023-01-13T17:30:18","slug":"hvordan-fungerer-astrallegemet-og-hvad-er-astralverdenen","status":"publish","type":"page","link":"https:\/\/universetspuls.dk\/index.php\/hvordan-fungerer-astrallegemet-og-hvad-er-astralverdenen\/","title":{"rendered":"Hvordan fungerer astrallegemet, og hvad er astralverdenen?"},"content":{"rendered":"[et_pb_section fb_built=&#8221;1&#8243; admin_label=&#8221;section&#8221; _builder_version=&#8221;4.16&#8243; global_colors_info=&#8221;{}&#8221;][et_pb_row admin_label=&#8221;row&#8221; _builder_version=&#8221;4.16&#8243; background_size=&#8221;initial&#8221; background_position=&#8221;top_left&#8221; background_repeat=&#8221;repeat&#8221; global_colors_info=&#8221;{}&#8221;][et_pb_column type=&#8221;4_4&#8243; _builder_version=&#8221;4.16&#8243; custom_padding=&#8221;|||&#8221; global_colors_info=&#8221;{}&#8221; custom_padding__hover=&#8221;|||&#8221;][et_pb_text admin_label=&#8221;Text&#8221; _builder_version=&#8221;4.16&#8243; background_size=&#8221;initial&#8221; background_position=&#8221;top_left&#8221; background_repeat=&#8221;repeat&#8221; global_colors_info=&#8221;{}&#8221;][\/et_pb_text][\/et_pb_column][\/et_pb_row][\/et_pb_section][et_pb_section fb_built=&#8221;1&#8243; _builder_version=&#8221;4.16&#8243; _module_preset=&#8221;default&#8221; background_enable_image=&#8221;off&#8221; custom_padding=&#8221;3px|||||&#8221; global_colors_info=&#8221;{}&#8221;][et_pb_row custom_padding_last_edited=&#8221;on|phone&#8221; _builder_version=&#8221;4.19.0&#8243; _module_preset=&#8221;default&#8221; custom_margin=&#8221;0%|auto|0%|auto|true|false&#8221; custom_padding=&#8221;60px||130px||false|false&#8221; custom_padding_tablet=&#8221;40px||||false|false&#8221; custom_padding_phone=&#8221;40px||||false|false&#8221; global_colors_info=&#8221;{}&#8221;][et_pb_column type=&#8221;4_4&#8243; _builder_version=&#8221;4.16&#8243; _module_preset=&#8221;default&#8221; global_colors_info=&#8221;{}&#8221;][et_pb_text _builder_version=&#8221;4.19.0&#8243; _module_preset=&#8221;default&#8221; text_text_color=&#8221;#000000&#8243; text_font_size=&#8221;18px&#8221; text_line_height=&#8221;1.8em&#8221; custom_padding=&#8221;||16px|||&#8221; animation_style=&#8221;fade&#8221; animation_duration=&#8221;1050ms&#8221; hover_enabled=&#8221;0&#8243; text_font_size_tablet=&#8221;18px&#8221; text_font_size_phone=&#8221;16px&#8221; text_font_size_last_edited=&#8221;on|phone&#8221; global_colors_info=&#8221;{}&#8221; sticky_enabled=&#8221;0&#8243;]<p><span>Dette foredrag handler om astrallegemet og astralverdenen. Ved astrallegemet forst\u00e5s normalt den aura eller udstr\u00e5ling, der er omkring den menneskelige krop, som udtrykker, hvad mennesket f\u00f8ler, men det er faktisk ogs\u00e5 koncentreret inden i selve\u00a0 kroppen. Dette astrallegeme er ikke fysisk og kan alts\u00e5 p\u00e5 ingen m\u00e5de m\u00e5les med instrumenter i den fysiske verden, men m\u00e5 iagttages med clairvoyante evner. Astrallegemet best\u00e5r af astralt stof, som er finere og h\u00f8jere vibrerende, og som gennemtr\u00e6nger det fysiske stof<i>. <\/i><\/span>Astrallegemets form\u00e5l er: At g\u00f8re det muligt at f\u00f8le, at tjene som bro mellem sind og fysisk stof og at fungere som et uafh\u00e6ngigt legeme for bevidsthed og handling. Den astrale aura er livlig og turbulent og fyldt med farver, som repr\u00e6senterer de f\u00f8lelser, mennesket oplever. Der er i foredraget vist en r\u00e6kke eksempler p\u00e5 farvede auraer ved forskellige f\u00f8lelsestilstande.<\/p>\n<p>Selve astralverdenen er ogs\u00e5 kort beskrevet. Det er en selvst\u00e6ndig verden, hvor man lever og oplever, og hvor f\u00f8lelserne er det prim\u00e6re. Til slut er det beskrevet, hvordan man kan erhverve astralt syn, selv om man\u00a0ogs\u00e5<span style=\"font-size: 18px;\"> <\/span>er<span style=\"font-size: 18px;\"> <\/span>bevidst<span style=\"font-size: 18px;\"> <\/span>i den fysiske<span style=\"font-size: 18px;\"> <\/span>verden.<\/p>[\/et_pb_text][et_pb_button button_url=&#8221;https:\/\/universetspuls.dk\/index.php\/vare\/hvordan-fungerer-aeterlegemet\/&#8221; button_text=&#8221;K\u00f8b foredrag&#8221; button_alignment_tablet=&#8221;center&#8221; button_alignment_phone=&#8221;center&#8221; button_alignment_last_edited=&#8221;on|desktop&#8221; _builder_version=&#8221;4.17.6&#8243; _module_preset=&#8221;default&#8221; global_colors_info=&#8221;{}&#8221;][\/et_pb_button][\/et_pb_column][\/et_pb_row][\/et_pb_section][et_pb_section fb_built=&#8221;1&#8243; custom_padding_last_edited=&#8221;on|desktop&#8221; next_background_color=&#8221;#ffffff&#8221; admin_label=&#8221;About&#8221; _builder_version=&#8221;4.16.0&#8243; _module_preset=&#8221;default&#8221; background_color=&#8221;#313453&#8243; background_color_gradient_start=&#8221;#f7a355&#8243; background_image=&#8221;https:\/\/universetspuls.dk\/wp-content\/uploads\/2022\/03\/nasa-hI5dX2ObAs-unsplash.jpg&#8221; background_size=&#8221;initial&#8221; custom_margin=&#8221;0px||||false|false&#8221; custom_padding=&#8221;60px||||false|false&#8221; custom_padding_tablet=&#8221;60px||||false|false&#8221; custom_padding_phone=&#8221;60px||||false|false&#8221; bottom_divider_style=&#8221;ramp2&#8243; bottom_divider_flip=&#8221;horizontal&#8221; background_last_edited=&#8221;on|desktop&#8221; background_enable_mask_style_tablet=&#8221;off&#8221; background_enable_mask_style_phone=&#8221;off&#8221; background_mask_transform_tablet=&#8221;invert|flip_horizontal&#8221; background_mask_transform_phone=&#8221;invert|flip_horizontal&#8221; background_mask_size_tablet=&#8221;contain&#8221; background_mask_size_phone=&#8221;contain&#8221; background_mask_width_phone=&#8221;100%&#8221; background_mask_height_phone=&#8221;20%&#8221; background_mask_position_tablet=&#8221;top_left&#8221; global_colors_info=&#8221;{}&#8221;][et_pb_row custom_padding_last_edited=&#8221;on|phone&#8221; _builder_version=&#8221;4.16&#8243; _module_preset=&#8221;default&#8221; background_enable_color=&#8221;off&#8221; z_index=&#8221;10&#8243; max_width=&#8221;1280px&#8221; custom_padding=&#8221;100px|60px|80px|60px|false|true&#8221; custom_padding_tablet=&#8221;60px|30px|60px|30px|true|true&#8221; custom_padding_phone=&#8221;|0px||0px|false|true&#8221; locked=&#8221;off&#8221; global_colors_info=&#8221;{%22gcid-d705e4a5-73d4-4d11-8c7b-a5d471a82263%22:%91%22background_mask_color%22%93}&#8221;][et_pb_column type=&#8221;4_4&#8243; saved_specialty_column_type=&#8221;3_4&#8243; _builder_version=&#8221;4.16&#8243; _module_preset=&#8221;default&#8221; global_colors_info=&#8221;{}&#8221;][et_pb_text _builder_version=&#8221;4.16.0&#8243; _module_preset=&#8221;default&#8221; header_font=&#8221;Philosopher|700|||||||&#8221; header_text_color=&#8221;#FFFFFF&#8221; header_font_size=&#8221;76px&#8221; header_2_font=&#8221;Philosopher|700|||||||&#8221; header_2_text_align=&#8221;center&#8221; header_2_text_color=&#8221;#FFFFFF&#8221; header_2_font_size=&#8221;60px&#8221; header_2_line_height=&#8221;1.3em&#8221; width_tablet=&#8221;80%&#8221; width_phone=&#8221;100%&#8221; width_last_edited=&#8221;off|desktop&#8221; custom_padding=&#8221;||0px||false|false&#8221; animation_style=&#8221;fade&#8221; animation_direction=&#8221;bottom&#8221; header_font_size_tablet=&#8221;56px&#8221; header_font_size_phone=&#8221;58px&#8221; header_font_size_last_edited=&#8221;on|desktop&#8221; header_2_font_size_tablet=&#8221;48px&#8221; header_2_font_size_phone=&#8221;30px&#8221; header_2_font_size_last_edited=&#8221;on|desktop&#8221; header_text_shadow_style=&#8221;preset1&#8243; header_2_text_shadow_style=&#8221;preset3&#8243; locked=&#8221;off&#8221; global_colors_info=&#8221;{}&#8221;]<h1 class=\"av-special-heading-tag \" itemprop=\"headline\" style=\"text-align: left;\">Hvordan fungerer astrallegemet, og hvad er astralverdenen?<\/h1>[\/et_pb_text][\/et_pb_column][\/et_pb_row][\/et_pb_section][et_pb_section fb_built=&#8221;1&#8243; _builder_version=&#8221;4.16&#8243; _module_preset=&#8221;default&#8221; custom_padding=&#8221;3px||4px|||&#8221; global_colors_info=&#8221;{}&#8221;][et_pb_row _builder_version=&#8221;4.16&#8243; _module_preset=&#8221;default&#8221; custom_margin=&#8221;68px|auto||auto||&#8221; global_colors_info=&#8221;{}&#8221;][et_pb_column type=&#8221;4_4&#8243; _builder_version=&#8221;4.16&#8243; _module_preset=&#8221;default&#8221; global_colors_info=&#8221;{}&#8221;][et_pb_image src=&#8221;https:\/\/universetspuls.dk\/wp-content\/uploads\/2023\/01\/ForsideAstr-300&#215;226.jpg&#8221; title_text=&#8221;ForsideAstr&#8221; _builder_version=&#8221;4.19.0&#8243; _module_preset=&#8221;default&#8221; custom_margin=&#8221;-200px||||false|false&#8221; animation_style=&#8221;fade&#8221; hover_enabled=&#8221;0&#8243; box_shadow_style=&#8221;preset1&#8243; global_colors_info=&#8221;{}&#8221; sticky_enabled=&#8221;0&#8243;][\/et_pb_image][\/et_pb_column][\/et_pb_row][\/et_pb_section][et_pb_section fb_built=&#8221;1&#8243; disabled_on=&#8221;on|on|on&#8221; admin_label=&#8221;Footer&#8221; _builder_version=&#8221;4.16&#8243; _module_preset=&#8221;default&#8221; background_color=&#8221;#313453&#8243; background_enable_image=&#8221;off&#8221; background_size=&#8221;initial&#8221; custom_margin=&#8221;0px||||false|false&#8221; disabled=&#8221;on&#8221; locked=&#8221;off&#8221; global_colors_info=&#8221;{}&#8221;][et_pb_row custom_padding_last_edited=&#8221;on|desktop&#8221; _builder_version=&#8221;4.16&#8243; _module_preset=&#8221;default&#8221; background_color=&#8221;gcid-385bee62-7652-4bac-9f8e-38f21c634ae9&#8243; background_image=&#8221;https:\/\/universetspuls.dk\/wp-content\/uploads\/2022\/03\/astrologist-illustrations-25.png&#8221; transform_scale_last_edited=&#8221;off|desktop&#8221; transform_translate_tablet=&#8221;0px|0px&#8221; transform_translate_last_edited=&#8221;off|desktop&#8221; transform_rotate_last_edited=&#8221;off|desktop&#8221; transform_skew_last_edited=&#8221;off|desktop&#8221; transform_origin_last_edited=&#8221;off|desktop&#8221; transform_styles_last_edited=&#8221;off|desktop&#8221; custom_margin=&#8221;-110px||40px||false|false&#8221; custom_padding=&#8221;120px|40px|120px|40px|true|true&#8221; custom_padding_tablet=&#8221;40px|30px|40px|30px|true|true&#8221; custom_padding_phone=&#8221;70px|20px|70px|20px|true|true&#8221; animation_style=&#8221;zoom&#8221; background_last_edited=&#8221;on|phone&#8221; background_size_tablet=&#8221;cover&#8221; background_size_phone=&#8221;cover&#8221; global_module=&#8221;4115&#8243; saved_tabs=&#8221;all&#8221; global_colors_info=&#8221;{%22gcid-385bee62-7652-4bac-9f8e-38f21c634ae9%22:%91%22background_color%22%93}&#8221;][et_pb_column type=&#8221;4_4&#8243; _builder_version=&#8221;4.16&#8243; _module_preset=&#8221;default&#8221; global_colors_info=&#8221;{}&#8221;][et_pb_text _builder_version=&#8221;4.16&#8243; _module_preset=&#8221;default&#8221; header_2_font=&#8221;Philosopher|700|||||||&#8221; header_2_text_align=&#8221;center&#8221; header_2_text_color=&#8221;#313453&#8243; header_2_font_size=&#8221;54px&#8221; header_3_font=&#8221;Kaushan Script||on||||||&#8221; header_3_text_align=&#8221;center&#8221; header_3_text_color=&#8221;#fe7f5c&#8221; header_3_line_height=&#8221;1.3em&#8221; width=&#8221;70%&#8221; width_tablet=&#8221;80%&#8221; width_phone=&#8221;&#8221; width_last_edited=&#8221;on|phone&#8221; module_alignment=&#8221;center&#8221; header_2_font_size_tablet=&#8221;28px&#8221; header_2_font_size_phone=&#8221;20px&#8221; header_2_font_size_last_edited=&#8221;on|phone&#8221; locked=&#8221;off&#8221; global_colors_info=&#8221;{}&#8221;]<h3><\/h3>\n<h2>Tilbud!<\/h2>[\/et_pb_text][et_pb_text _builder_version=&#8221;4.17.6&#8243; _module_preset=&#8221;default&#8221; text_font=&#8221;Montserrat||||||||&#8221; text_text_color=&#8221;#FFFFFF&#8221; text_font_size=&#8221;18px&#8221; text_line_height=&#8221;1.8em&#8221; text_orientation=&#8221;center&#8221; width=&#8221;60%&#8221; width_tablet=&#8221;75%&#8221; width_phone=&#8221;100%&#8221; width_last_edited=&#8221;on|phone&#8221; module_alignment=&#8221;center&#8221; text_font_size_tablet=&#8221;15px&#8221; text_font_size_phone=&#8221;14px&#8221; text_font_size_last_edited=&#8221;on|phone&#8221; locked=&#8221;off&#8221; global_colors_info=&#8221;{}&#8221;]<p>Tilbud indtil 31\/8 2022. Det nye foredrag: &#8220;Hvordan fungerer \u00e6terlegemet?&#8221; tilbydes gratis ved at bruge rabatkoden \u00c6ter100<\/p>[\/et_pb_text][et_pb_button button_url=&#8221;@ET-DC@eyJkeW5hbWljIjp0cnVlLCJjb250ZW50IjoicG9zdF9saW5rX3VybF9wYWdlIiwic2V0dGluZ3MiOnsicG9zdF9pZCI6IjM5ODgifX0=@&#8221; button_text=&#8221;Shop&#8221; button_alignment=&#8221;center&#8221; button_alignment_tablet=&#8221;center&#8221; button_alignment_last_edited=&#8221;off|desktop&#8221; _builder_version=&#8221;4.16.0&#8243; _dynamic_attributes=&#8221;button_url&#8221; _module_preset=&#8221;default&#8221; custom_button=&#8221;on&#8221; button_text_size=&#8221;12px&#8221; button_text_color=&#8221;#ffffff&#8221; button_bg_color=&#8221;#fe7f5c&#8221; button_border_width=&#8221;0px&#8221; button_border_radius=&#8221;0px&#8221; button_letter_spacing=&#8221;1px&#8221; button_font=&#8221;Montserrat|600||on|||||&#8221; custom_padding=&#8221;15px|30px|15px|30px|true|true&#8221; locked=&#8221;off&#8221; global_colors_info=&#8221;{}&#8221;][\/et_pb_button][\/et_pb_column][\/et_pb_row][\/et_pb_section]","protected":false},"excerpt":{"rendered":"<p>Dette foredrag handler om astrallegemet og astralverdenen. Ved astrallegemet forst\u00e5s normalt den aura eller udstr\u00e5ling, der er omkring den menneskelige krop, som udtrykker, hvad mennesket f\u00f8ler, men det er faktisk ogs\u00e5 koncentreret inden i selve\u00a0 kroppen. Dette astrallegeme er ikke fysisk og kan alts\u00e5 p\u00e5 ingen m\u00e5de m\u00e5les med instrumenter i den fysiske verden, men [&hellip;]<\/p>\n","protected":false},"author":1,"featured_media":0,"parent":0,"menu_order":0,"comment_status":"closed","ping_status":"closed","template":"","meta":{"_et_pb_use_builder":"on","_et_pb_old_content":"<!-- wp:divi\/placeholder \/-->","_et_gb_content_width":"","footnotes":""},"class_list":["post-4505","page","type-page","status-publish","hentry"],"_links":{"self":[{"href":"https:\/\/universetspuls.dk\/index.php\/wp-json\/wp\/v2\/pages\/4505","targetHints":{"allow":["GET"]}}],"collection":[{"href":"https:\/\/universetspuls.dk\/index.php\/wp-json\/wp\/v2\/pages"}],"about":[{"href":"https:\/\/universetspuls.dk\/index.php\/wp-json\/wp\/v2\/types\/page"}],"author":[{"embeddable":true,"href":"https:\/\/universetspuls.dk\/index.php\/wp-json\/wp\/v2\/users\/1"}],"replies":[{"embeddable":true,"href":"https:\/\/universetspuls.dk\/index.php\/wp-json\/wp\/v2\/comments?post=4505"}],"version-history":[{"count":8,"href":"https:\/\/universetspuls.dk\/index.php\/wp-json\/wp\/v2\/pages\/4505\/revisions"}],"predecessor-version":[{"id":4519,"href":"https:\/\/universetspuls.dk\/index.php\/wp-json\/wp\/v2\/pages\/4505\/revisions\/4519"}],"wp:attachment":[{"href":"https:\/\/universetspuls.dk\/index.php\/wp-json\/wp\/v2\/media?parent=4505"}],"curies":[{"name":"wp","href":"https:\/\/api.w.org\/{rel}","templated":true}]}}