{"id":4672,"date":"2025-09-12T17:24:03","date_gmt":"2025-09-12T15:24:03","guid":{"rendered":"https:\/\/universetspuls.dk\/?page_id=4672"},"modified":"2025-09-23T20:48:04","modified_gmt":"2025-09-23T18:48:04","slug":"boernene-og-dyrenes-oproer","status":"publish","type":"page","link":"https:\/\/universetspuls.dk\/index.php\/boernene-og-dyrenes-oproer\/","title":{"rendered":"B\u00f8rnene og dyrenes opr\u00f8r"},"content":{"rendered":"<p>[et_pb_section fb_built=&#8221;1&#8243; custom_padding_last_edited=&#8221;on|desktop&#8221; next_background_color=&#8221;#ffffff&#8221; admin_label=&#8221;About&#8221; _builder_version=&#8221;4.16&#8243; _module_preset=&#8221;default&#8221; background_color=&#8221;gcid-d705e4a5-73d4-4d11-8c7b-a5d471a82263&#8243; background_color_gradient_start=&#8221;#f7a355&#8243; background_image=&#8221;https:\/\/universetspuls.dk\/wp-content\/uploads\/2022\/03\/nasa-hI5dX2ObAs-unsplash.jpg&#8221; background_size=&#8221;initial&#8221; custom_margin=&#8221;0px||||false|false&#8221; custom_padding=&#8221;60px||||false|false&#8221; custom_padding_tablet=&#8221;60px||||false|false&#8221; custom_padding_phone=&#8221;60px||||false|false&#8221; bottom_divider_style=&#8221;ramp2&#8243; bottom_divider_flip=&#8221;horizontal&#8221; background_last_edited=&#8221;on|desktop&#8221; background_enable_mask_style_tablet=&#8221;off&#8221; background_enable_mask_style_phone=&#8221;off&#8221; background_mask_transform_tablet=&#8221;invert|flip_horizontal&#8221; background_mask_transform_phone=&#8221;invert|flip_horizontal&#8221; background_mask_size_tablet=&#8221;contain&#8221; background_mask_size_phone=&#8221;contain&#8221; background_mask_width_phone=&#8221;100%&#8221; background_mask_height_phone=&#8221;20%&#8221; background_mask_position_tablet=&#8221;top_left&#8221; global_colors_info=&#8221;{%22gcid-d705e4a5-73d4-4d11-8c7b-a5d471a82263%22:%91%22background_color%22%93}&#8221;][et_pb_row custom_padding_last_edited=&#8221;on|phone&#8221; _builder_version=&#8221;4.16&#8243; _module_preset=&#8221;default&#8221; background_enable_color=&#8221;off&#8221; z_index=&#8221;10&#8243; max_width=&#8221;1280px&#8221; custom_padding=&#8221;100px|60px|80px|60px|false|true&#8221; custom_padding_tablet=&#8221;60px|30px|60px|30px|true|true&#8221; custom_padding_phone=&#8221;|0px||0px|false|true&#8221; locked=&#8221;off&#8221; global_colors_info=&#8221;{%22gcid-d705e4a5-73d4-4d11-8c7b-a5d471a82263%22:%91%22background_mask_color%22%93}&#8221;][et_pb_column type=&#8221;4_4&#8243; saved_specialty_column_type=&#8221;3_4&#8243; _builder_version=&#8221;4.16&#8243; _module_preset=&#8221;default&#8221; global_colors_info=&#8221;{}&#8221;][et_pb_text _builder_version=&#8221;4.16.0&#8243; _module_preset=&#8221;default&#8221; header_font=&#8221;Philosopher|700|||||||&#8221; header_text_color=&#8221;#FFFFFF&#8221; header_font_size=&#8221;70px&#8221; header_2_font=&#8221;Philosopher|700|||||||&#8221; header_2_text_align=&#8221;center&#8221; header_2_text_color=&#8221;#FFFFFF&#8221; header_2_font_size=&#8221;60px&#8221; header_2_line_height=&#8221;1.3em&#8221; width_tablet=&#8221;80%&#8221; width_phone=&#8221;100%&#8221; width_last_edited=&#8221;off|desktop&#8221; custom_padding=&#8221;||50px||false|false&#8221; animation_style=&#8221;fade&#8221; animation_direction=&#8221;bottom&#8221; header_font_size_tablet=&#8221;70px&#8221; header_font_size_phone=&#8221;54px&#8221; header_font_size_last_edited=&#8221;on|phone&#8221; header_2_font_size_tablet=&#8221;48px&#8221; header_2_font_size_phone=&#8221;28px&#8221; header_2_font_size_last_edited=&#8221;on|desktop&#8221; header_text_shadow_style=&#8221;preset1&#8243; header_2_text_shadow_style=&#8221;preset3&#8243; locked=&#8221;off&#8221; global_colors_info=&#8221;{}&#8221;]<\/p>\n<h1 class=\"av-special-heading-tag \" itemprop=\"headline\">B\u00f8rnene og dyrenes opr\u00f8r.<\/h1>\n<p>[\/et_pb_text][\/et_pb_column][\/et_pb_row][\/et_pb_section][et_pb_section fb_built=&#8221;1&#8243; _builder_version=&#8221;4.16&#8243; _module_preset=&#8221;default&#8221; background_enable_image=&#8221;off&#8221; custom_padding=&#8221;3px|||||&#8221; global_colors_info=&#8221;{}&#8221;][et_pb_row custom_padding_last_edited=&#8221;on|phone&#8221; _builder_version=&#8221;4.23.1&#8243; _module_preset=&#8221;default&#8221; custom_margin=&#8221;0%|auto|0%|auto|true|false&#8221; custom_padding=&#8221;60px||130px||false|false&#8221; custom_padding_tablet=&#8221;40px||||false|false&#8221; custom_padding_phone=&#8221;40px||||false|false&#8221; global_colors_info=&#8221;{}&#8221;][et_pb_column type=&#8221;4_4&#8243; _builder_version=&#8221;4.16&#8243; _module_preset=&#8221;default&#8221; global_colors_info=&#8221;{}&#8221;][et_pb_image src=&#8221;https:\/\/universetspuls.dk\/wp-content\/uploads\/2025\/09\/bforside1.jpg&#8221; title_text=&#8221;bforside1&#8243; _builder_version=&#8221;4.23.1&#8243; _module_preset=&#8221;default&#8221; custom_margin=&#8221;-200px||||false|false&#8221; animation_style=&#8221;fade&#8221; box_shadow_style=&#8221;preset1&#8243; global_colors_info=&#8221;{}&#8221;][\/et_pb_image][et_pb_text _builder_version=&#8221;4.23.1&#8243; _module_preset=&#8221;default&#8221; text_text_color=&#8221;#000000&#8243; text_font_size=&#8221;18px&#8221; text_line_height=&#8221;1.8em&#8221; animation_style=&#8221;fade&#8221; animation_duration=&#8221;1050ms&#8221; text_font_size_tablet=&#8221;18px&#8221; text_font_size_phone=&#8221;16px&#8221; text_font_size_last_edited=&#8221;on|phone&#8221; global_colors_info=&#8221;{}&#8221;]<\/p>\n<p>Elisabeth og Michael er to venner, der bor p\u00e5 landet hos deres for\u00e6ldre p\u00e5 en g\u00e5rd med dyr. En dag, da Michael er faldet i s\u00f8vn, mens han sidder hos sin yndlingsko, Martha, opdager han, at han kan flyve, og det kan Martha ogs\u00e5! Sammen flyver de hen til en stor svinefarm i n\u00e6rheden, og Martha siger til Michael: \u201dDette er en koncentrationslejr. Menneskene stuver de stakkels grise sammen i en fangelejr uden at tage hensyn til, at grisene ogs\u00e5 har f\u00f8lelser og intelligens!\u201d S\u00e5dan begynder bogen, og Elisabeth og Michael f\u00e5r travlt. De s\u00e6tter sig nemlig for at hj\u00e6lpe grisene med at f\u00e5 et ordentligt liv. Det viser sig imidlertid ikke at v\u00e6re helt nemt, men b\u00f8rnene f\u00e5r hj\u00e6lp fra dyrenes verden og specielt fra l\u00f8ven, Assua. B\u00f8rnene bliver n\u00f8dt til at tr\u00e6ne deres intuition for at kunne tale med Assua, som viser sig at v\u00e6re mere end blot en l\u00f8ve. Elisabeth og Michael kommer ud for mange utrolige oplevelser, som bl.a. kulminerer i en kamp mellem lysets og m\u00f8rkets kr\u00e6fter.<\/p>\n<p>Uddrag fra Kap.1:<br \/>Ude p\u00e5 fjorden kunne man se en sejlb\u00e5d s\u00e6tte det store forsejl op for at f\u00e5 lidt mere skub p\u00e5 b\u00e5den. Michael kiggede p\u00e5 sejlerens anstrengelser og blev mere og mere d\u00f8sig. Solen bagte ned p\u00e5 ham, og han faldt i s\u00f8vn.\u00a0<\/p>\n<p>Pludselig var der nogen, der r\u00e5bte p\u00e5 ham.\u00a0<\/p>\n<p>-Michael, Michael kom nu! Jeg vil vise dig noget.\u00a0<\/p>\n<p>Han s\u00e5 sig om. Farverne var us\u00e6dvanligt klare, og s\u00e5 opdagede han Martha. Martha kaldte p\u00e5 ham! Det var i sig selv m\u00e6rkeligt, men det mest underlige var dog, at Martha stod omkring 3 meter oppe i luften.\u00a0<\/p>\n<p>Martha sv\u00e6vede!\u00a0<\/p>\n<p>-Martha! r\u00e5bte Michael. Hvad laver du dog?\u00a0<\/p>\n<p>-Jeg venter p\u00e5 dig, svarede koen t\u00e5lmodigt. Kom nu, jeg vil vise dig noget.\u00a0<\/p>\n<p>-Jamen, jeg kan ikke sv\u00e6ve, sagde Michael.\u00a0<\/p>\n<p>-Vel kan du s\u00e5, svarede koen. Men hvis du ikke tror, du kan, s\u00e5 s\u00e6t dig oven p\u00e5 mig, s\u00e5 skal jeg b\u00e6re dig af sted.\u00a0<\/p>\n<p>Michael var godt forvirret.<\/p>\n<p>-Hvordan kan det v\u00e6re, at du kan tale? spurgte han.\u00a0<\/p>\n<p>-Det kan jeg heller ikke, svarede Martha, men heldigvis kan vi da forst\u00e5 hinandens tanker. Jeg ved ikke hvorfor, men s\u00e5dan er det bare. Kom nu, jeg vil vise dig noget.\u00a0<\/p>\n<p>Michael pr\u00f8vede, om han kunne hoppe de tre meter op p\u00e5 koens ryg, og til hans store overraskelse sad han pludselig p\u00e5 ryggen af Martha.\u00a0<\/p>\n<p>-N\u00e5h, det var du l\u00e6nge om, brummede Martha. Lad os s\u00e5 se at komme af sted.\u00a0<\/p>\n<p>-Ne-ej, hvor er det l\u00e6kkert, det her, skreg Michael. Vi flyver jo lige ud over fjorden. T\u00e6nk, hvis vi falder ned i vandet.\u00a0<\/p>\n<p>Det klukkede i Marthas mave, ligesom n\u00e5r man ryster en halvtom vandbeholder.\u00a0<\/p>\n<p>-Hvad laver du dog? spurgte Michael, og pludselig forstod han, at koen lo. Samtidig s\u00e5 han, at koen foretog et styrtdyk lige ned mod vandoverfladen p\u00e5 fjorden.\u00a0<\/p>\n<p>-Stop, stop, skreg Michael. Vi falder ned i vandet.\u00a0<\/p>\n<p>I samme \u00f8jeblik var de neden under vandoverfladen. Michael m\u00e6rkede intet st\u00f8d og h\u00f8rte intet plask og blev ikke v\u00e5d. Rundt om dem sv\u00f8mmede fiskene uforstyrret omkring. Det her var endnu bedre end at sv\u00f8mme under vandet!\u00a0<\/p>\n<p>-Puh! Hvor gjorde du mig forskr\u00e6kket, sagde Michael. Det er ret sjovt at v\u00e6re p\u00e5 rejse med dig. Det er vel nok en sk\u00f8n dr\u00f8m, det her. Jeg har altid \u00f8nsket, at jeg kunne snakke med dig.\u00a0<\/p>\n<p>-Det ved jeg godt, svarede Martha. Jeg har altid vidst, hvad du t\u00e6nkte, men du kan jo desv\u00e6rre ikke l\u00e6se mine tanker. S\u00e5 jeg m\u00e5tte n\u00f8jes med at slikke dig med min tunge for at vise, at jeg kan lide dig. I \u00f8vrigt er det ikke en rigtig dr\u00f8m, det her. N\u00e5r du v\u00e5gner, vil du kunne huske den som meget virkelig, og n\u00e5r du en anden gang sover, kan vi igen v\u00e6re sammen her i, skal vi kalde det, dr\u00f8mmeland. N\u00e5, men nu m\u00e5 vi se at komme videre.\u00a0<\/p>\n<p>Koen og drengen sv\u00e6vede op i luften igen og satte kursen mod en stor moderne staldbygning i det fjerne.<\/p>\n<p><span>De trykte b\u00f8ger beskrevet p\u00e5 denne hjemmeside kan kun k\u00f8bes her, men Forlaget SAGA (under Lindhardt og Ringhof) har rettighederne til de digtale udgaver af b\u00f8gerne, se f.eks. e-bogen: <a href=\"https:\/\/lrdigital.dk\/soeg\/?text=b%C3%B8rnene+og+dyrenes+opr%C3%B8r\">https:\/\/lrdigital.dk\/soeg\/?text=b%C3%B8rnene+og+dyrenes+opr%C3%B8r <\/a><\/span><span>Her kan e-b\u00f8gerne anskaffes, ligesom internetboghandler som Saxo.com ogs\u00e5 har e-b\u00f8gerne til salg.<\/span><\/p>\n<p>Bogen koster 90 kr. med fri fragt.\u00a0<\/p>\n<p>&nbsp;<\/p>\n<p>[\/et_pb_text][et_pb_button button_text=&#8221;K\u00f8b bogen&#8221; button_alignment_tablet=&#8221;center&#8221; button_alignment_phone=&#8221;center&#8221; button_alignment_last_edited=&#8221;on|desktop&#8221; _builder_version=&#8221;4.23.1&#8243; _module_preset=&#8221;default&#8221; hover_enabled=&#8221;0&#8243; global_colors_info=&#8221;{}&#8221; sticky_enabled=&#8221;0&#8243; button_url=&#8221; https:\/\/universetspuls.dk\/index.php\/vare\/boernene-og-dyrenes-oproer\/&#8221;][\/et_pb_button][\/et_pb_column][\/et_pb_row][\/et_pb_section][et_pb_section fb_built=&#8221;1&#8243; _builder_version=&#8221;4.16&#8243; _module_preset=&#8221;default&#8221; custom_padding=&#8221;3px||4px|||&#8221; global_colors_info=&#8221;{}&#8221;][et_pb_row _builder_version=&#8221;4.16&#8243; _module_preset=&#8221;default&#8221; custom_margin=&#8221;68px|auto||auto||&#8221; global_colors_info=&#8221;{}&#8221;][et_pb_column type=&#8221;4_4&#8243; _builder_version=&#8221;4.16&#8243; _module_preset=&#8221;default&#8221; global_colors_info=&#8221;{}&#8221;][\/et_pb_column][\/et_pb_row][\/et_pb_section][et_pb_section fb_built=&#8221;1&#8243; disabled_on=&#8221;on|on|on&#8221; admin_label=&#8221;Footer&#8221; _builder_version=&#8221;4.16&#8243; _module_preset=&#8221;default&#8221; background_color=&#8221;#313453&#8243; background_enable_image=&#8221;off&#8221; background_size=&#8221;initial&#8221; custom_margin=&#8221;0px||||false|false&#8221; disabled=&#8221;on&#8221; locked=&#8221;off&#8221; global_colors_info=&#8221;{}&#8221;][\/et_pb_section]<\/p>\n","protected":false},"excerpt":{"rendered":"<p>B\u00f8rnene og dyrenes opr\u00f8r.Elisabeth og Michael er to venner, der bor p\u00e5 landet hos deres for\u00e6ldre p\u00e5 en g\u00e5rd med dyr. En dag, da Michael er faldet i s\u00f8vn, mens han sidder hos sin yndlingsko, Martha, opdager han, at han kan flyve, og det kan Martha ogs\u00e5! Sammen flyver de hen til en stor svinefarm [&hellip;]<\/p>\n","protected":false},"author":1,"featured_media":0,"parent":0,"menu_order":0,"comment_status":"closed","ping_status":"closed","template":"","meta":{"_et_pb_use_builder":"on","_et_pb_old_content":"","_et_gb_content_width":"","footnotes":""},"class_list":["post-4672","page","type-page","status-publish","hentry"],"_links":{"self":[{"href":"https:\/\/universetspuls.dk\/index.php\/wp-json\/wp\/v2\/pages\/4672","targetHints":{"allow":["GET"]}}],"collection":[{"href":"https:\/\/universetspuls.dk\/index.php\/wp-json\/wp\/v2\/pages"}],"about":[{"href":"https:\/\/universetspuls.dk\/index.php\/wp-json\/wp\/v2\/types\/page"}],"author":[{"embeddable":true,"href":"https:\/\/universetspuls.dk\/index.php\/wp-json\/wp\/v2\/users\/1"}],"replies":[{"embeddable":true,"href":"https:\/\/universetspuls.dk\/index.php\/wp-json\/wp\/v2\/comments?post=4672"}],"version-history":[{"count":8,"href":"https:\/\/universetspuls.dk\/index.php\/wp-json\/wp\/v2\/pages\/4672\/revisions"}],"predecessor-version":[{"id":4736,"href":"https:\/\/universetspuls.dk\/index.php\/wp-json\/wp\/v2\/pages\/4672\/revisions\/4736"}],"wp:attachment":[{"href":"https:\/\/universetspuls.dk\/index.php\/wp-json\/wp\/v2\/media?parent=4672"}],"curies":[{"name":"wp","href":"https:\/\/api.w.org\/{rel}","templated":true}]}}