{"id":4682,"date":"2025-09-12T20:00:04","date_gmt":"2025-09-12T18:00:04","guid":{"rendered":"https:\/\/universetspuls.dk\/?page_id=4682"},"modified":"2025-09-23T20:50:11","modified_gmt":"2025-09-23T18:50:11","slug":"optiske-kuriositeter","status":"publish","type":"page","link":"https:\/\/universetspuls.dk\/index.php\/optiske-kuriositeter\/","title":{"rendered":"Optiske Kuriositeter"},"content":{"rendered":"<p>[et_pb_section fb_built=&#8221;1&#8243; custom_padding_last_edited=&#8221;on|desktop&#8221; next_background_color=&#8221;#ffffff&#8221; admin_label=&#8221;About&#8221; _builder_version=&#8221;4.16&#8243; _module_preset=&#8221;default&#8221; background_color=&#8221;gcid-d705e4a5-73d4-4d11-8c7b-a5d471a82263&#8243; background_color_gradient_start=&#8221;#f7a355&#8243; background_image=&#8221;https:\/\/universetspuls.dk\/wp-content\/uploads\/2022\/03\/nasa-hI5dX2ObAs-unsplash.jpg&#8221; background_size=&#8221;initial&#8221; custom_margin=&#8221;0px||||false|false&#8221; custom_padding=&#8221;60px||||false|false&#8221; custom_padding_tablet=&#8221;60px||||false|false&#8221; custom_padding_phone=&#8221;60px||||false|false&#8221; bottom_divider_style=&#8221;ramp2&#8243; bottom_divider_flip=&#8221;horizontal&#8221; background_last_edited=&#8221;on|desktop&#8221; background_enable_mask_style_tablet=&#8221;off&#8221; background_enable_mask_style_phone=&#8221;off&#8221; background_mask_transform_tablet=&#8221;invert|flip_horizontal&#8221; background_mask_transform_phone=&#8221;invert|flip_horizontal&#8221; background_mask_size_tablet=&#8221;contain&#8221; background_mask_size_phone=&#8221;contain&#8221; background_mask_width_phone=&#8221;100%&#8221; background_mask_height_phone=&#8221;20%&#8221; background_mask_position_tablet=&#8221;top_left&#8221; global_colors_info=&#8221;{%22gcid-d705e4a5-73d4-4d11-8c7b-a5d471a82263%22:%91%22background_color%22%93}&#8221;][et_pb_row custom_padding_last_edited=&#8221;on|phone&#8221; _builder_version=&#8221;4.16&#8243; _module_preset=&#8221;default&#8221; background_enable_color=&#8221;off&#8221; z_index=&#8221;10&#8243; max_width=&#8221;1280px&#8221; custom_padding=&#8221;100px|60px|80px|60px|false|true&#8221; custom_padding_tablet=&#8221;60px|30px|60px|30px|true|true&#8221; custom_padding_phone=&#8221;|0px||0px|false|true&#8221; locked=&#8221;off&#8221; global_colors_info=&#8221;{%22gcid-d705e4a5-73d4-4d11-8c7b-a5d471a82263%22:%91%22background_mask_color%22%93}&#8221;][et_pb_column type=&#8221;4_4&#8243; saved_specialty_column_type=&#8221;3_4&#8243; _builder_version=&#8221;4.16&#8243; _module_preset=&#8221;default&#8221; global_colors_info=&#8221;{}&#8221;][et_pb_text _builder_version=&#8221;4.16.0&#8243; _module_preset=&#8221;default&#8221; header_font=&#8221;Philosopher|700|||||||&#8221; header_text_color=&#8221;#FFFFFF&#8221; header_font_size=&#8221;70px&#8221; header_2_font=&#8221;Philosopher|700|||||||&#8221; header_2_text_align=&#8221;center&#8221; header_2_text_color=&#8221;#FFFFFF&#8221; header_2_font_size=&#8221;60px&#8221; header_2_line_height=&#8221;1.3em&#8221; width_tablet=&#8221;80%&#8221; width_phone=&#8221;100%&#8221; width_last_edited=&#8221;off|desktop&#8221; custom_padding=&#8221;||50px||false|false&#8221; animation_style=&#8221;fade&#8221; animation_direction=&#8221;bottom&#8221; header_font_size_tablet=&#8221;70px&#8221; header_font_size_phone=&#8221;54px&#8221; header_font_size_last_edited=&#8221;on|phone&#8221; header_2_font_size_tablet=&#8221;48px&#8221; header_2_font_size_phone=&#8221;28px&#8221; header_2_font_size_last_edited=&#8221;on|desktop&#8221; header_text_shadow_style=&#8221;preset1&#8243; header_2_text_shadow_style=&#8221;preset3&#8243; locked=&#8221;off&#8221; global_colors_info=&#8221;{}&#8221;]<\/p>\n<h1 class=\"av-special-heading-tag \" itemprop=\"headline\">Optiske Kuriositeter.<\/h1>\n<p>[\/et_pb_text][\/et_pb_column][\/et_pb_row][\/et_pb_section][et_pb_section fb_built=&#8221;1&#8243; _builder_version=&#8221;4.16&#8243; _module_preset=&#8221;default&#8221; background_enable_image=&#8221;off&#8221; custom_padding=&#8221;3px|||||&#8221; global_colors_info=&#8221;{}&#8221;][et_pb_row custom_padding_last_edited=&#8221;on|phone&#8221; _builder_version=&#8221;4.16&#8243; _module_preset=&#8221;default&#8221; custom_margin=&#8221;0%|auto|0%|auto|true|false&#8221; custom_padding=&#8221;60px||130px||false|false&#8221; custom_padding_tablet=&#8221;40px||||false|false&#8221; custom_padding_phone=&#8221;40px||||false|false&#8221; global_colors_info=&#8221;{}&#8221;][et_pb_column type=&#8221;4_4&#8243; _builder_version=&#8221;4.16&#8243; _module_preset=&#8221;default&#8221; global_colors_info=&#8221;{}&#8221;][et_pb_image src=&#8221;https:\/\/universetspuls.dk\/wp-content\/uploads\/2025\/09\/omslag1-1-197&#215;300.jpg&#8221; title_text=&#8221;omslag1 (1)&#8221; _builder_version=&#8221;4.23.1&#8243; _module_preset=&#8221;default&#8221; custom_margin=&#8221;-200px||||false|false&#8221; animation_style=&#8221;fade&#8221; box_shadow_style=&#8221;preset1&#8243; global_colors_info=&#8221;{}&#8221;][\/et_pb_image][et_pb_text _builder_version=&#8221;4.23.1&#8243; _module_preset=&#8221;default&#8221; text_text_color=&#8221;#000000&#8243; text_font_size=&#8221;18px&#8221; text_line_height=&#8221;1.8em&#8221; animation_style=&#8221;fade&#8221; animation_duration=&#8221;1050ms&#8221; text_font_size_tablet=&#8221;18px&#8221; text_font_size_phone=&#8221;16px&#8221; text_font_size_last_edited=&#8221;on|phone&#8221; global_colors_info=&#8221;{}&#8221;]<\/p>\n<p>I forordet st\u00e5r der:<\/p>\n<p>Siden 1997 har der v\u00e6ret en fast \u201dkolonne\u201d kaldet \u201dOptiske Kuriositeter\u201d i medlemsbladet DOPS-NYT for Dansk Optisk Selskab. I de forl\u00f8bne 7 \u00e5r er det blevet til i alt 26 artikler omhandlende mange forskellige som regel lidt specielle eller m\u00e5ske m\u00e6rkv\u00e6rdige emner inden for det optiske omr\u00e5de.<\/p>\n<p>Titlerne er ofte formet som et lidt kuri\u00f8st sp\u00f8rgsm\u00e5l for at v\u00e6kke interessen, f.eks. \u201dKan en foton dreje en krystal?\u201d eller \u201dKan en foton eksistere inde i et stof?\u201d. Tit vil svaret v\u00e6re et \u201dja\u201d p\u00e5 sp\u00f8rgsm\u00e5let, men ikke altid. Ved det sidste af sp\u00f8rgsm\u00e5lene ovenfor er svaret f.eks. et \u201dnej\u201d.<\/p>\n<p>Der er gjort meget ud af at g\u00f8re fremstillingen p\u00e6dagogisk, selvom udledningerne undertiden kan v\u00e6re lidt tunge. Emnerne til mange af artiklerne er fundet rundt omkring i diverse tidsskrifter eller l\u00e6reb\u00f8ger. En del (omkring 10 artikler) indeholder dog ogs\u00e5 originale bidrag fra forfatterens side.<\/p>\n<p>Artiklerne er blevet grupperet efter emner, s\u00e5ledes at de er blevet samlet i i alt syv kapitler. Hver artikel har en reference (\u00e5\u00e5,nr) til det nummer af DOPS-NYT, hvor den er blevet trykt, hvor \u00e5\u00e5 er \u00e5rstallet, og nr er udgavenummeret det p\u00e5g\u00e6ldende \u00e5r (der er fire udgaver pr. \u00e5r).<\/p>\n<p>Forfatteren \u00f8nsker at takke bestyrelsen i Dansk Optisk Selskab for at opfordre til at samle de syv \u00e5rs optiske kuriositeter, s\u00e5 de nu kan udkomme p\u00e5 bogform.<\/p>\n<p>Indholdsfortegnelsen giver et indtryk af de valgte emner:<\/p>\n<p>Lyshastighed<br \/>Kan Mozarts Symfoni nr. 40 l\u00f8be hurtigereend lyset?<br \/>Hvor langsomt kan lyset l\u00f8be?<br \/>Kan lyspulser l\u00f8be med overlyshastighed?<br \/>Kan man parkere lys?<br \/>Hvorfor er lyshastigheden den samme i systemer, der bev\u00e6ger sig i forhold til hinanden?<\/p>\n<p>Lysudbredelse<br \/>Kan lysb\u00f8lger udbrede sig uden at diffrakteres?<br \/>Kan en foton dreje en krystal?<br \/>Hvor meget afb\u00f8jer solen egentligt en lysstr\u00e5le? Del I: En klassisk beskrivelse.<br \/>Hvor meget afb\u00f8jer solen egentligt en lysstr\u00e5le? Del II: En relativistisk beskrivelse.\u00a0<\/p>\n<p>Refleksion<br \/>Goos-h\u00e4nchen skiftet.<br \/>Kan et par spejle reflektere mere end 100%?<br \/>Kan en beamsplitter \u00e6ndre sin reflektans?<br \/>Er fasen af reflekteret lys fra et spejl den samme, hvis lyset falder ind forfra eller\u00a0bagfra p\u00e5 spejlet?\u00a0<\/p>\n<p>Lasere<br \/>Kan lasere virke uden populationsinversion?<br \/>Bessel beamet.<br \/>Kan man fremstille en laserresonator, som altid er stabil og ikke har longitudinale modes?<\/p>\n<p>Kvanteoptik<br \/>Kan lysets polarisationstilstand teleporteres fra \u00e9n foton til en anden?<br \/>Kan enkelt atomer udsende laserlys?<br \/>Kan en foton eksistere inde i et stof?<\/p>\n<p>Det elektromagnetiske vakuum?<br \/>Kvantisering af lys samt vakuums UV-katastrofe.<br \/>Kan man parkere lys?<br \/>Kan man m\u00e5le det elektromagnetiske vakuum?<br \/>Hvorfor kan en elektromagnetisk b\u00f8lge ikke v\u00e6re longitudinal?\u00a0<\/p>\n<p>Generel fysik<br \/>Er fotonen polykromatisk?<br \/>Er kvantemekanik i virkeligheden en optisk kuriositet?<br \/>Del I: De kvantemekaniske ligninger.<br \/>Er kvantemekanik i virkeligheden en\u00a0optisk kuriositet?<br \/>Del II: Den udelelige kvantepartikel.\u00a0<\/p>\n<p>Diverse emner<br \/>Kan lilla kaldes en spektralfarve?<br \/>Kan lyd lave lys?\u00a0<\/p>\n<p>&nbsp;<\/p>\n<p>Bogen koster 90 kr. med fri fragt.<\/p>\n<p>[\/et_pb_text][et_pb_button button_text=&#8221;K\u00f8b bogen&#8221; button_alignment_tablet=&#8221;center&#8221; button_alignment_phone=&#8221;center&#8221; button_alignment_last_edited=&#8221;on|desktop&#8221; _builder_version=&#8221;4.23.1&#8243; _module_preset=&#8221;default&#8221; hover_enabled=&#8221;0&#8243; global_colors_info=&#8221;{}&#8221; button_url=&#8221; https:\/\/universetspuls.dk\/index.php\/vare\/optiske-kuriositeter\/&#8221; sticky_enabled=&#8221;0&#8243;][\/et_pb_button][\/et_pb_column][\/et_pb_row][\/et_pb_section][et_pb_section fb_built=&#8221;1&#8243; _builder_version=&#8221;4.16&#8243; _module_preset=&#8221;default&#8221; custom_padding=&#8221;3px||4px|||&#8221; global_colors_info=&#8221;{}&#8221;][et_pb_row _builder_version=&#8221;4.16&#8243; _module_preset=&#8221;default&#8221; custom_margin=&#8221;68px|auto||auto||&#8221; global_colors_info=&#8221;{}&#8221;][et_pb_column type=&#8221;4_4&#8243; _builder_version=&#8221;4.16&#8243; _module_preset=&#8221;default&#8221; global_colors_info=&#8221;{}&#8221;][\/et_pb_column][\/et_pb_row][\/et_pb_section][et_pb_section fb_built=&#8221;1&#8243; disabled_on=&#8221;on|on|on&#8221; admin_label=&#8221;Footer&#8221; _builder_version=&#8221;4.16&#8243; _module_preset=&#8221;default&#8221; background_color=&#8221;#313453&#8243; background_enable_image=&#8221;off&#8221; background_size=&#8221;initial&#8221; custom_margin=&#8221;0px||||false|false&#8221; disabled=&#8221;on&#8221; locked=&#8221;off&#8221; global_colors_info=&#8221;{}&#8221;][\/et_pb_section]<\/p>\n","protected":false},"excerpt":{"rendered":"<p>Optiske Kuriositeter.I forordet st\u00e5r der: Siden 1997 har der v\u00e6ret en fast \u201dkolonne\u201d kaldet \u201dOptiske Kuriositeter\u201d i medlemsbladet DOPS-NYT for Dansk Optisk Selskab. I de forl\u00f8bne 7 \u00e5r er det blevet til i alt 26 artikler omhandlende mange forskellige som regel lidt specielle eller m\u00e5ske m\u00e6rkv\u00e6rdige emner inden for det optiske omr\u00e5de. Titlerne er ofte [&hellip;]<\/p>\n","protected":false},"author":1,"featured_media":0,"parent":0,"menu_order":0,"comment_status":"closed","ping_status":"closed","template":"","meta":{"_et_pb_use_builder":"on","_et_pb_old_content":"","_et_gb_content_width":"","footnotes":""},"class_list":["post-4682","page","type-page","status-publish","hentry"],"_links":{"self":[{"href":"https:\/\/universetspuls.dk\/index.php\/wp-json\/wp\/v2\/pages\/4682","targetHints":{"allow":["GET"]}}],"collection":[{"href":"https:\/\/universetspuls.dk\/index.php\/wp-json\/wp\/v2\/pages"}],"about":[{"href":"https:\/\/universetspuls.dk\/index.php\/wp-json\/wp\/v2\/types\/page"}],"author":[{"embeddable":true,"href":"https:\/\/universetspuls.dk\/index.php\/wp-json\/wp\/v2\/users\/1"}],"replies":[{"embeddable":true,"href":"https:\/\/universetspuls.dk\/index.php\/wp-json\/wp\/v2\/comments?post=4682"}],"version-history":[{"count":4,"href":"https:\/\/universetspuls.dk\/index.php\/wp-json\/wp\/v2\/pages\/4682\/revisions"}],"predecessor-version":[{"id":4738,"href":"https:\/\/universetspuls.dk\/index.php\/wp-json\/wp\/v2\/pages\/4682\/revisions\/4738"}],"wp:attachment":[{"href":"https:\/\/universetspuls.dk\/index.php\/wp-json\/wp\/v2\/media?parent=4682"}],"curies":[{"name":"wp","href":"https:\/\/api.w.org\/{rel}","templated":true}]}}