{"id":3935,"date":"2022-04-01T10:05:08","date_gmt":"2022-04-01T08:05:08","guid":{"rendered":"https:\/\/universetspuls.dk\/?post_type=product&#038;p=3935"},"modified":"2025-07-25T16:52:41","modified_gmt":"2025-07-25T14:52:41","slug":"hvordan-er-det-at-doe","status":"publish","type":"product","link":"https:\/\/universetspuls.dk\/index.php\/vare\/hvordan-er-det-at-doe\/","title":{"rendered":"Hvordan er det at d\u00f8?"},"content":{"rendered":"","protected":false},"excerpt":{"rendered":"<p>Foredraget omhandler de oplevelser, der er beskrevet af mennesker, der har v\u00e6ret n\u00e6r ved at d\u00f8, eller som rent faktisk har v\u00e6ret d\u00f8de og er blevet genoplivet igen. Der gennemg\u00e5s de karakteristiske oplevelser, som de fleste f\u00e5r, samt nogle videnskabelige unders\u00f8gelser, der har v\u00e6ret foretaget af uafh\u00e6ngige forskningsgrupper. Endvidere fort\u00e6lles nogle \u201ccase stories\u201d.<\/p>\n","protected":false},"featured_media":3334,"template":"","meta":{"_et_pb_use_builder":"off","_et_pb_old_content":"Foredraget beskriver reinkarnation og karma. Der gives eksempler p\u00e5 mennesker, der har levet f\u00f8r. Der omtales dokumentation, for at de tidligere liv har fundet sted.\r\nLivets retf\u00e6rdighed og form\u00e5l samt konsekvensen af ens handlinger diskuteres. Forskningen indenfor omr\u00e5det omtales.","_et_gb_content_width":""},"product_cat":[48],"product_tag":[50],"class_list":["post-3935","product","type-product","status-publish","has-post-thumbnail","hentry","product_cat-foredrag","product_tag-foredrag","pa_foredragfil-lydfil","pa_foredragfil-plancher","pa_foredragfil-video"],"_links":{"self":[{"href":"https:\/\/universetspuls.dk\/index.php\/wp-json\/wp\/v2\/product\/3935","targetHints":{"allow":["GET"]}}],"collection":[{"href":"https:\/\/universetspuls.dk\/index.php\/wp-json\/wp\/v2\/product"}],"about":[{"href":"https:\/\/universetspuls.dk\/index.php\/wp-json\/wp\/v2\/types\/product"}],"wp:featuredmedia":[{"embeddable":true,"href":"https:\/\/universetspuls.dk\/index.php\/wp-json\/wp\/v2\/media\/3334"}],"wp:attachment":[{"href":"https:\/\/universetspuls.dk\/index.php\/wp-json\/wp\/v2\/media?parent=3935"}],"wp:term":[{"taxonomy":"product_cat","embeddable":true,"href":"https:\/\/universetspuls.dk\/index.php\/wp-json\/wp\/v2\/product_cat?post=3935"},{"taxonomy":"product_tag","embeddable":true,"href":"https:\/\/universetspuls.dk\/index.php\/wp-json\/wp\/v2\/product_tag?post=3935"}],"curies":[{"name":"wp","href":"https:\/\/api.w.org\/{rel}","templated":true}]}}