{"id":3946,"date":"2022-04-01T10:27:16","date_gmt":"2022-04-01T08:27:16","guid":{"rendered":"https:\/\/universetspuls.dk\/?post_type=product&#038;p=3946"},"modified":"2025-07-25T16:51:42","modified_gmt":"2025-07-25T14:51:42","slug":"kan-man-maale-ikke-fysiske-faenomener","status":"publish","type":"product","link":"https:\/\/universetspuls.dk\/index.php\/vare\/kan-man-maale-ikke-fysiske-faenomener\/","title":{"rendered":"Kan man m\u00e5le ikke fysiske f\u00e6nomener?"},"content":{"rendered":"","protected":false},"excerpt":{"rendered":"<p>Foredraget beskriver, hvordan man rent faktisk kan m\u00e5le ikke fysiske f\u00e6nomener (bevidsthedsoplevelser af lys og farve) og beskrive dem med talv\u00e6rdier. Der omtales ogs\u00e5 en r\u00e6kke fors\u00f8g med telepati og clairvoyance, hvor man med stor grad af sikkerhed ved statistiske metoder har p\u00e5vist, at telepati og clairvoyance er virkelige f\u00e6nomener, som vi alle besidder til en vis grad. Der fort\u00e6lles ogs\u00e5 om en sp\u00f8rgeskemaunders\u00f8gelse blandt clairvoyante.<\/p>\n","protected":false},"featured_media":3343,"template":"","meta":{"_et_pb_use_builder":"on","_et_pb_old_content":"","_et_gb_content_width":""},"product_cat":[48],"product_tag":[51,50],"class_list":["post-3946","product","type-product","status-publish","has-post-thumbnail","hentry","product_cat-foredrag","product_tag-clairvoyance","product_tag-foredrag","pa_foredragfil-lydfil","pa_foredragfil-plancher","pa_foredragfil-video"],"_links":{"self":[{"href":"https:\/\/universetspuls.dk\/index.php\/wp-json\/wp\/v2\/product\/3946","targetHints":{"allow":["GET"]}}],"collection":[{"href":"https:\/\/universetspuls.dk\/index.php\/wp-json\/wp\/v2\/product"}],"about":[{"href":"https:\/\/universetspuls.dk\/index.php\/wp-json\/wp\/v2\/types\/product"}],"wp:featuredmedia":[{"embeddable":true,"href":"https:\/\/universetspuls.dk\/index.php\/wp-json\/wp\/v2\/media\/3343"}],"wp:attachment":[{"href":"https:\/\/universetspuls.dk\/index.php\/wp-json\/wp\/v2\/media?parent=3946"}],"wp:term":[{"taxonomy":"product_cat","embeddable":true,"href":"https:\/\/universetspuls.dk\/index.php\/wp-json\/wp\/v2\/product_cat?post=3946"},{"taxonomy":"product_tag","embeddable":true,"href":"https:\/\/universetspuls.dk\/index.php\/wp-json\/wp\/v2\/product_tag?post=3946"}],"curies":[{"name":"wp","href":"https:\/\/api.w.org\/{rel}","templated":true}]}}