{"id":3950,"date":"2022-04-01T10:30:08","date_gmt":"2022-04-01T08:30:08","guid":{"rendered":"https:\/\/universetspuls.dk\/?post_type=product&#038;p=3950"},"modified":"2025-07-25T16:50:38","modified_gmt":"2025-07-25T14:50:38","slug":"hvad-er-et-menneske-egentligt","status":"publish","type":"product","link":"https:\/\/universetspuls.dk\/index.php\/vare\/hvad-er-et-menneske-egentligt\/","title":{"rendered":"Hvad er et menneske egentligt?"},"content":{"rendered":"","protected":false},"excerpt":{"rendered":"<p>Foredraget beskriver, hvordan et menneske er opbygget af krop, sind og \u00e5nd. Der beskrives, hvor denne viden kommer fra. Der fort\u00e6lles om menneskets tre auralag: \u00c6terlegemet, astrallegemet og mentallegemet. Der omtales meridianer og akupunktur. Chakraerne og deres egenskaber beskrives. Blokeringer i chakraerne omtales. Foredraget slutter med en omtale af sj\u00e6l og bevidsthed, samt bevidsthedens udvikling.<\/p>\n","protected":false},"featured_media":3430,"template":"","meta":{"_et_pb_use_builder":"off","_et_pb_old_content":"Foredraget beskriver reinkarnation og karma. Der gives eksempler p\u00e5 mennesker, der har levet f\u00f8r. Der omtales dokumentation, for at de tidligere liv har fundet sted.\r\nLivets retf\u00e6rdighed og form\u00e5l samt konsekvensen af ens handlinger diskuteres. Forskningen indenfor omr\u00e5det omtales.","_et_gb_content_width":""},"product_cat":[48],"product_tag":[50],"class_list":["post-3950","product","type-product","status-publish","has-post-thumbnail","hentry","product_cat-foredrag","product_tag-foredrag","pa_foredragfil-lydfil","pa_foredragfil-plancher","pa_foredragfil-video"],"_links":{"self":[{"href":"https:\/\/universetspuls.dk\/index.php\/wp-json\/wp\/v2\/product\/3950","targetHints":{"allow":["GET"]}}],"collection":[{"href":"https:\/\/universetspuls.dk\/index.php\/wp-json\/wp\/v2\/product"}],"about":[{"href":"https:\/\/universetspuls.dk\/index.php\/wp-json\/wp\/v2\/types\/product"}],"wp:featuredmedia":[{"embeddable":true,"href":"https:\/\/universetspuls.dk\/index.php\/wp-json\/wp\/v2\/media\/3430"}],"wp:attachment":[{"href":"https:\/\/universetspuls.dk\/index.php\/wp-json\/wp\/v2\/media?parent=3950"}],"wp:term":[{"taxonomy":"product_cat","embeddable":true,"href":"https:\/\/universetspuls.dk\/index.php\/wp-json\/wp\/v2\/product_cat?post=3950"},{"taxonomy":"product_tag","embeddable":true,"href":"https:\/\/universetspuls.dk\/index.php\/wp-json\/wp\/v2\/product_tag?post=3950"}],"curies":[{"name":"wp","href":"https:\/\/api.w.org\/{rel}","templated":true}]}}