{"id":3954,"date":"2022-04-01T10:31:23","date_gmt":"2022-04-01T08:31:23","guid":{"rendered":"https:\/\/universetspuls.dk\/?post_type=product&#038;p=3954"},"modified":"2025-07-25T16:49:28","modified_gmt":"2025-07-25T14:49:28","slug":"hvad-sker-der-mellem-doed-og-ny-foedsel","status":"publish","type":"product","link":"https:\/\/universetspuls.dk\/index.php\/vare\/hvad-sker-der-mellem-doed-og-ny-foedsel\/","title":{"rendered":"Hvad sker der mellem d\u00f8d og ny f\u00f8dsel?"},"content":{"rendered":"","protected":false},"excerpt":{"rendered":"<p>Foredraget fort\u00e6ller om livet efter d\u00f8den og indtil den ny f\u00f8dsel. Der findes hundredvis af stort set enslydende beskrivelser af dette berettet af klienter under hypnose.<\/p>\n<p>De forskellige stadier af livet mellem livene omtales. Der beskrives om m\u00f8det med ens sj\u00e6lsgruppe og den undervisning og terapi, det er muligt at modtage samt om gl\u00e6den og tilfredsstillelsen ved at leve det frie liv mellem livene, som er sj\u00e6lens egentlige hjemmeunivers.<\/p>\n","protected":false},"featured_media":3547,"template":"","meta":{"_et_pb_use_builder":"on","_et_pb_old_content":"Foredraget beskriver reinkarnation og karma. Der gives eksempler p\u00e5 mennesker, der har levet f\u00f8r. Der omtales dokumentation, for at de tidligere liv har fundet sted.\r\nLivets retf\u00e6rdighed og form\u00e5l samt konsekvensen af ens handlinger diskuteres. Forskningen indenfor omr\u00e5det omtales.","_et_gb_content_width":""},"product_cat":[48],"product_tag":[50,52],"class_list":["post-3954","product","type-product","status-publish","has-post-thumbnail","hentry","product_cat-foredrag","product_tag-foredrag","product_tag-hypnose","pa_foredragfil-lydfil","pa_foredragfil-plancher","pa_foredragfil-video"],"_links":{"self":[{"href":"https:\/\/universetspuls.dk\/index.php\/wp-json\/wp\/v2\/product\/3954","targetHints":{"allow":["GET"]}}],"collection":[{"href":"https:\/\/universetspuls.dk\/index.php\/wp-json\/wp\/v2\/product"}],"about":[{"href":"https:\/\/universetspuls.dk\/index.php\/wp-json\/wp\/v2\/types\/product"}],"wp:featuredmedia":[{"embeddable":true,"href":"https:\/\/universetspuls.dk\/index.php\/wp-json\/wp\/v2\/media\/3547"}],"wp:attachment":[{"href":"https:\/\/universetspuls.dk\/index.php\/wp-json\/wp\/v2\/media?parent=3954"}],"wp:term":[{"taxonomy":"product_cat","embeddable":true,"href":"https:\/\/universetspuls.dk\/index.php\/wp-json\/wp\/v2\/product_cat?post=3954"},{"taxonomy":"product_tag","embeddable":true,"href":"https:\/\/universetspuls.dk\/index.php\/wp-json\/wp\/v2\/product_tag?post=3954"}],"curies":[{"name":"wp","href":"https:\/\/api.w.org\/{rel}","templated":true}]}}